{"id":80,"date":"2022-03-19T22:41:46","date_gmt":"2022-03-19T22:41:46","guid":{"rendered":"https:\/\/starbelly-demo.bslthemes.com\/?page_id=80"},"modified":"2026-03-25T23:52:14","modified_gmt":"2026-03-25T20:52:14","slug":"index","status":"publish","type":"page","link":"https:\/\/www.dragosbalik.com\/tr\/","title":{"rendered":"Ana Sayfa"},"content":{"rendered":"\t\t<div data-elementor-type=\"wp-page\" data-elementor-id=\"80\" class=\"elementor elementor-80\">\n\t\t\t\t\t\t<section class=\"elementor-section elementor-top-section elementor-element elementor-element-61deebd elementor-section-full_width elementor-section-height-default elementor-section-height-default\" data-id=\"61deebd\" data-element_type=\"section\" data-settings=\"{&quot;background_background&quot;:&quot;video&quot;,&quot;background_video_link&quot;:&quot;https:\\\/\\\/www.youtube.com\\\/watch?v=azBjn5Oltug&quot;,&quot;background_video_start&quot;:3,&quot;background_video_end&quot;:20,&quot;background_play_on_mobile&quot;:&quot;yes&quot;}\">\n\t\t\t\t\t\t\t\t<div class=\"elementor-background-video-container\">\n\t\t\t\t\t\t\t\t\t\t\t\t\t<div class=\"elementor-background-video-embed\"><\/div>\n\t\t\t\t\t\t\t\t\t\t\t\t<\/div>\n\t\t\t\t\t\t\t\t\t<div class=\"elementor-background-overlay\"><\/div>\n\t\t\t\t\t\t\t<div class=\"elementor-container elementor-column-gap-no\">\n\t\t\t\t\t<div class=\"elementor-column elementor-col-100 elementor-top-column elementor-element elementor-element-326db12\" data-id=\"326db12\" data-element_type=\"column\" data-settings=\"{&quot;background_background&quot;:&quot;slideshow&quot;,&quot;background_slideshow_gallery&quot;:[],&quot;background_slideshow_loop&quot;:&quot;yes&quot;,&quot;background_slideshow_slide_duration&quot;:5000,&quot;background_slideshow_slide_transition&quot;:&quot;fade&quot;,&quot;background_slideshow_transition_duration&quot;:500}\">\n\t\t\t<div class=\"elementor-widget-wrap elementor-element-populated\">\n\t\t\t\t\t\t<div class=\"elementor-element elementor-element-1c77fdb elementor-widget elementor-widget-starbelly-hero-banner\" data-id=\"1c77fdb\" data-element_type=\"widget\" data-widget_type=\"starbelly-hero-banner.default\">\n\t\t\t\t<div class=\"elementor-widget-container\">\n\t\t\t\n    <!-- banner -->\n    <section class=\"sb-banner\">\n\t\t\t\t\t\t\n      <div class=\"container\">\n        <div class=\"row\">\n          <div class=\"col-lg-6\">\n            <!-- main title -->\n            <div class=\"sb-main-title-frame\">\n              <div class=\"sb-main-title\">\n                                <span class=\"sb-suptitle sb-mb-30\">\n                  <span >\n                      Dragos Bal\u0131k Restaurant                  <\/span>\n                <\/span>\n                                                <h1 class=\"sb-mb-30 sb-el-title\">\n                  <span >\n                      \u0130stanbul'un <br><i>en g\u00fczel<\/i><br>bal\u0131k restaurant\u0131                  <\/span>\n                <\/h1>\n                                                <p class=\"sb-text sb-text-lg sb-mb-30\">\n                  <span >\n                      E\u015fsiz Adalar manzaram\u0131z, keyifli vakit ge\u00e7irece\u011fiz saatler i\u00e7in,<br>\nsizleri bekliyoruz.                  <\/span>\n                <\/p>\n                \n                                  <!-- button -->\n                  <a href=\"https:\/\/www.dragosbalik.com\/tr\/rezervasyon\/\" class=\"sb-btn sb-btn-gray\">\n                                        <span class=\"sb-icon\">\n                                              <img decoding=\"async\" src=\"https:\/\/www.dragosbalik.com\/tr\/wp-content\/uploads\/2022\/03\/arrow.svg\" alt=\"icon\" \/>\n                                          <\/span>\n                                        <span >\n                      Rezervasyon Kay\u0131t                    <\/span>\n                  <\/a>\n                  <!-- button end -->\n                                  <!-- button -->\n                  <a href=\"https:\/\/www.dragosbalik.com\/tr\/menuler\/\" class=\"sb-btn\">\n                                        <span class=\"sb-icon\">\n                                              <img decoding=\"async\" src=\"https:\/\/www.dragosbalik.com\/tr\/wp-content\/uploads\/2022\/03\/arrow.svg\" alt=\"icon\" \/>\n                                          <\/span>\n                                        <span >\n                      Men\u00fclerimiz                    <\/span>\n                  <\/a>\n                  <!-- button end -->\n                              <\/div>\n            <\/div>\n            <!-- main title end -->\n          <\/div>\n          <div class=\"col-lg-6\">\n\t\t\t\t\t\t\t\t\t\t\t\t\t\t\t\t\t\t<div class=\"sb-ilustration-fix\">\n\t\t\t\t\t\t\t<div class=\"sb-illustration-1-2\">\n\t\t\t\t\t\t\t\t\t\t\t\t\t\t\t\t<img decoding=\"async\" src=\"https:\/\/www.dragosbalik.com\/tr\/wp-content\/uploads\/2024\/04\/balikpng.png\" alt=\"image\" class=\"sb-food-1\" \/>\n\t\t\t\t\t\t\t\t\t\t\t\t\t\t\t\t\t\t\t\t\t\t\t\t<img decoding=\"async\" src=\"https:\/\/www.dragosbalik.com\/tr\/wp-content\/uploads\/2024\/05\/img.png\" alt=\"image\" class=\"sb-food-2\" \/>\n\t\t\t\t\t\t\t\t\t\t\t\t\t\t\t\t\t\t\t\t\t\t\t\t<img decoding=\"async\" src=\"https:\/\/www.dragosbalik.com\/tr\/wp-content\/uploads\/2024\/05\/img.png\" alt=\"image\" class=\"sb-food-3\" \/>\n\t\t\t\t\t\t\t\t\n\t\t\t\t\t\t\t\t\t\t\t\t\t\t\t\t\t\t\t\t\t\t\t\t<div class=\"sb-illu-dialog-1\">\n\t\t\t\t\t\t\t\t\t\t\t\t\t\t\t\t\t\t<span class=\"smile\">\n\t\t\t\t\t\t\t\t\t\t<span >\n\t                    \ud83d\ude0d\t                  <\/span>\n\t\t\t\t\t\t\t\t\t<\/span>\n\t\t\t\t\t\t\t\t\t\t\t\t\t\t\t\t\t\t<span >\n                    Manzara M\u00fcthi\u015f                  <\/span>\n\t\t\t\t\t\t\t\t<\/div>\n\t\t\t\t\t\t\t\t\t\t\t\t\t\t\t\t\t\t\t\t\t\t\t\t<div class=\"sb-illu-dialog-2\">\n\t\t\t\t\t\t\t\t\t\t\t\t\t\t\t\t\t\t<span class=\"smile\">\n\t\t\t\t\t\t\t\t\t\t<span >\n\t                    \ud83e\udd29\t                  <\/span>\n\t\t\t\t\t\t\t\t\t<\/span>\n\t\t\t\t\t\t\t\t\t\t\t\t\t\t\t\t\t\t<span >\n                    Restoran Harika                  <\/span>\n\t\t\t\t\t\t\t\t<\/div>\n\t\t\t\t\t\t\t\t\t\t\t\t\t\t\t\t\n\t\t\t\t\t\t\t\t\n\t\t\t\t\t\t\t\t\t\t\t\t\t\t\t<\/div>\n\t\t\t\t\t\t<\/div>\n\t\t\t\t\t\t          <\/div>\n        <\/div>\n      <\/div>\n    <\/section>\n    <!-- banner end -->\n\n\t\t\t\t<\/div>\n\t\t\t\t<\/div>\n\t\t\t\t\t<\/div>\n\t\t<\/div>\n\t\t\t\t\t<\/div>\n\t\t<\/section>\n\t\t\t\t<section class=\"elementor-section elementor-top-section elementor-element elementor-element-74a3a82 elementor-section-full_width elementor-section-height-default elementor-section-height-default\" data-id=\"74a3a82\" data-element_type=\"section\">\n\t\t\t\t\t\t<div class=\"elementor-container elementor-column-gap-no\">\n\t\t\t\t\t<div class=\"elementor-column elementor-col-100 elementor-top-column elementor-element elementor-element-0620a23\" data-id=\"0620a23\" data-element_type=\"column\">\n\t\t\t<div class=\"elementor-widget-wrap elementor-element-populated\">\n\t\t\t\t\t\t<div class=\"elementor-element elementor-element-7942f39 animated-slow elementor-invisible elementor-widget elementor-widget-starbelly-features\" data-id=\"7942f39\" data-element_type=\"widget\" data-settings=\"{&quot;_animation&quot;:&quot;fadeInLeft&quot;}\" data-widget_type=\"starbelly-features.default\">\n\t\t\t\t<div class=\"elementor-widget-container\">\n\t\t\t\n    <!-- features -->\n    <section class=\"sb-p-60-0\">\n      <div class=\"container\">\n        <div class=\"row flex-md-row-reverse\">\n          <div class=\"col-lg-6 align-self-center sb-mb-30\">\n                        <h2 class=\"sb-el-title sb-mb-60\">\n              <span >\n        \t\t\t  Dragos Bal\u0131k Restaurant        \t\t\t<\/span>\n            <\/h2>\n                                    <ul class=\"sb-features\">\n                            <li class=\"sb-features-item sb-mb-60\">\n                                <div class=\"sb-number\">\n                  <span >\n      \t        \t\t01      \t        \t<\/span>\n                <\/div>\n                                                <div class=\"sb-feature-text\">\n                                    <h3 class=\"sb-mb-15\">\n                    <span >\n        \t        \t\tE\u015fsiz Adalar ve Deniz Manzaras\u0131        \t        \t<\/span>\n                  <\/h3>\n                                                      <p class=\"sb-text\">\n                    <span >\n        \t        \t\t\u0130stanbul'un en g\u00fczel manzaras\u0131na kar\u015f\u0131, keyifli vakit ge\u00e7irmek i\u00e7in sizleri bekliyoruz.        \t        \t<\/span>\n                  <\/p>\n                                  <\/div>\n                              <\/li>\n                            <li class=\"sb-features-item sb-mb-60\">\n                                <div class=\"sb-number\">\n                  <span >\n      \t        \t\t02      \t        \t<\/span>\n                <\/div>\n                                                <div class=\"sb-feature-text\">\n                                    <h3 class=\"sb-mb-15\">\n                    <span >\n        \t        \t\tKapasite        \t        \t<\/span>\n                  <\/h3>\n                                                      <p class=\"sb-text\">\n                    <span >\n        \t        \t\tTesisimizde <b>550 ki\u015filik<\/b> misafir kapasitemiz bulunmaktad\u0131r.<br>\n(A\u00e7\u0131k Alan: 300 Ki\u015fi - Kapal\u0131 Alan: 250 Ki\u015fi)        \t        \t<\/span>\n                  <\/p>\n                                  <\/div>\n                              <\/li>\n                            <li class=\"sb-features-item sb-mb-60\">\n                                <div class=\"sb-number\">\n                  <span >\n      \t        \t\t03      \t        \t<\/span>\n                <\/div>\n                                                <div class=\"sb-feature-text\">\n                                    <h3 class=\"sb-mb-15\">\n                    <span >\n        \t        \t\tOtopark        \t        \t<\/span>\n                  <\/h3>\n                                                      <p class=\"sb-text\">\n                    <span >\n        \t        \t\tMisafirlerimiz i\u00e7in <b>40 ara\u00e7l\u0131k<\/b> otopark kapasitemiz bulunmaktad\u0131r.        \t        \t<\/span>\n                  <\/p>\n                                  <\/div>\n                              <\/li>\n                          <\/ul>\n                      <\/div>\n          <div class=\"col-lg-6 align-self-center\">\n            <div class=\"sb-illustration-2 sb-mb-90\">\n                            <div class=\"sb-interior-frame\">\n                <img decoding=\"async\" src=\"https:\/\/www.dragosbalik.com\/tr\/wp-content\/uploads\/2024\/04\/since.jpg\" alt=\"image\" class=\"sb-interior\" \/>\n              <\/div>\n              \n                            <div class=\"sb-square\"><\/div>\n              \n                            <div class=\"sb-cirkle-1\"><\/div>\n              <div class=\"sb-cirkle-2\"><\/div>\n              <div class=\"sb-cirkle-3\"><\/div>\n              <div class=\"sb-cirkle-4\"><\/div>\n              \n                            <div class=\"sb-experience\">\n                <div class=\"sb-exp-content\">\n                                    <p class=\"sb-h1 sb-mb-10\">\n                    <span >\n              \t\t\t  1995              \t\t\t<\/span>\n                  <\/p>\n                                                      <p class=\"sb-h3\">\n                    <span >\n              \t\t\t  'den beri sizlerleyiz.              \t\t\t<\/span>\n                  <\/p>\n                                  <\/div>\n              <\/div>\n                          <\/div>\n          <\/div>\n        <\/div>\n      <\/div>\n    <\/section>\n    <!-- features end -->\n\n\t\t\t\t<\/div>\n\t\t\t\t<\/div>\n\t\t\t\t\t<\/div>\n\t\t<\/div>\n\t\t\t\t\t<\/div>\n\t\t<\/section>\n\t\t\t\t<section class=\"elementor-section elementor-top-section elementor-element elementor-element-1922c35 elementor-section-full_width elementor-section-height-default elementor-section-height-default\" data-id=\"1922c35\" data-element_type=\"section\">\n\t\t\t\t\t\t<div class=\"elementor-container elementor-column-gap-no\">\n\t\t\t\t\t<div class=\"elementor-column elementor-col-100 elementor-top-column elementor-element elementor-element-2cd2447\" data-id=\"2cd2447\" data-element_type=\"column\">\n\t\t\t<div class=\"elementor-widget-wrap elementor-element-populated\">\n\t\t\t\t\t\t<div class=\"elementor-element elementor-element-d66f4fc animated-slow elementor-invisible elementor-widget elementor-widget-starbelly-cta2\" data-id=\"d66f4fc\" data-element_type=\"widget\" data-settings=\"{&quot;_animation&quot;:&quot;fadeInRight&quot;}\" data-widget_type=\"starbelly-cta2.default\">\n\t\t\t\t<div class=\"elementor-widget-container\">\n\t\t\t\n\t\t<!-- call to action -->\n\t\t<section class=\"sb-call-to-action\">\n\t\t\t<div class=\"sb-bg-3\"><\/div>\n\t\t\t<div class=\"container\">\n\t\t\t\t<div class=\"row\">\n\t\t\t\t\t<div class=\"col-lg-6 align-self-center\">\n\t\t\t\t\t\t<div class=\"sb-cta-text\">\n\t\t\t\t\t\t\t\t\t\t\t\t\t\t<h1 class=\"sb-h1 sb-title--h sb-mb-15\">\n\t\t\t\t\t\t\t\t<span >\n\t\t\t\t\t\t\t\t\t<span class=\"sb-title-lg\">Enfes<\/span> <br>lezzetlerimiz <br>sizleri bekliyor!\t\t\t\t\t\t\t\t<\/span>\n\t\t\t\t\t\t\t<\/h1>\n\t\t\t\t\t\t\t\t\t\t\t\t\t\t\t\t\t\t\t\t\t<div class=\"sb-text sb-mb-30\">\n\t\t\t\t\t\t\t\t<div >\n\t\t\t\t\t\t\t\t\t<p>Biz haz\u0131rl\u0131klar\u0131m\u0131z\u0131 tamamlad\u0131k, sizi bekliyoruz!<\/p>\t\t\t\t\t\t\t\t<\/div>\n\t\t\t\t\t\t\t<\/div>\n\t\t\t\t\t\t\t\n\t\t\t\t\t\t\t\t\t\t\t\t\t\t<!-- button -->\n\t\t\t\t\t\t\t<a href=\"\/tr\/menu\/\" class=\"sb-btn\">\n\t\t\t\t\t\t\t\t\t\t\t\t\t\t\t\t<span class=\"sb-icon\">\n\t\t\t\t\t\t\t\t\t\t\t\t\t\t\t\t\t\t\t<img decoding=\"async\" src=\"https:\/\/bslthemes.com\/import\/starbelly\/01\/uploads\/2022\/03\/menu.svg\" alt=\"icon\" \/>\n\t\t\t\t\t\t\t\t\t\t\t\t\t\t\t\t\t<\/span>\n\t\t\t\t\t\t\t\t\t\t\t\t\t\t\t\t<span >\n\t\t\t\t\t\t\t\t\tMen\u00fclerimiz\t\t\t\t\t\t\t\t<\/span>\n\t\t\t\t\t\t\t<\/a>\n\t\t\t\t\t\t\t<!-- button end -->\n\t\t\t\t\t\t\t\t\t\t\t\t\t<\/div>\n\t\t\t\t\t<\/div>\n\t\t\t\t\t<div class=\"col-lg-6\">\n\t\t\t\t\t\t<div class=\"sb-illustration-6\">\n\t\t\t\t\t\t\t\t\t\t\t\t\t\t<img decoding=\"async\" src=\"https:\/\/www.dragosbalik.com\/tr\/wp-content\/uploads\/2024\/05\/dragos_balik_video.jpg\" alt=\"img\" class=\"sb-burger\">\n\t\t\t\t\t\t\t\n\t\t\t\t\t\t\t\t\t\t\t\t\t\t<div class=\"sb-cirkle-1\"><\/div>\n\t\t\t\t\t\t\t\t\t\t\t\t\t\t\t\t\t\t\t\t\t<div class=\"sb-cirkle-2\"><\/div>\n\t\t\t\t\t\t\t\t\t\t\t\t\t\t\t\t\t\t\t\t\t<div class=\"sb-cirkle-3\"><\/div>\n\t\t\t\t\t\t\t\t\t\t\t\t\t\t\t\t\t\t\t\t\t<div class=\"sb-cirkle-4\"><\/div>\n\t\t\t\t\t\t\t\t\t\t\t\t\t\t\t\t\t\t\t\t\t<div class=\"sb-cirkle-5\"><\/div>\n\t\t\t\t\t\t\t\n\t\t\t\t\t\t\t\t\t\t\t\t\t\t<img decoding=\"async\" src=\"https:\/\/www.dragosbalik.com\/tr\/wp-content\/themes\/starbelly\/assets\/img\/illustrations\/2.svg\" alt=\"icon\" class=\"sb-pik-2\">\n\t\t\t\t\t\t\t\t\t\t\t\t\t\t\t\t\t\t\t\t\t<img decoding=\"async\" src=\"https:\/\/www.dragosbalik.com\/tr\/wp-content\/themes\/starbelly\/assets\/img\/illustrations\/3.svg\" alt=\"icon\" class=\"sb-pik-3\">\n\t\t\t\t\t\t\t\t\t\t\t\t\t<\/div>\n\t\t\t\t\t<\/div>\n\t\t\t\t<\/div>\n\t\t\t<\/div>\n\t\t<\/section>\n\t\t<!-- call to action end -->\n\n\t\t\t\t<\/div>\n\t\t\t\t<\/div>\n\t\t\t\t\t<\/div>\n\t\t<\/div>\n\t\t\t\t\t<\/div>\n\t\t<\/section>\n\t\t\t\t<section class=\"elementor-section elementor-top-section elementor-element elementor-element-9b22947 elementor-section-full_width elementor-section-height-default elementor-section-height-default\" data-id=\"9b22947\" data-element_type=\"section\" data-settings=\"{&quot;background_background&quot;:&quot;slideshow&quot;,&quot;background_slideshow_gallery&quot;:[],&quot;background_slideshow_loop&quot;:&quot;yes&quot;,&quot;background_slideshow_slide_duration&quot;:5000,&quot;background_slideshow_slide_transition&quot;:&quot;fade&quot;,&quot;background_slideshow_transition_duration&quot;:500}\">\n\t\t\t\t\t\t<div class=\"elementor-container elementor-column-gap-no\">\n\t\t\t\t\t<div class=\"elementor-column elementor-col-100 elementor-top-column elementor-element elementor-element-7d933fe\" data-id=\"7d933fe\" data-element_type=\"column\">\n\t\t\t<div class=\"elementor-widget-wrap elementor-element-populated\">\n\t\t\t\t\t\t<div class=\"elementor-element elementor-element-3a391fb animated-slow elementor-invisible elementor-widget elementor-widget-starbelly-intro-reservation\" data-id=\"3a391fb\" data-element_type=\"widget\" data-settings=\"{&quot;_animation&quot;:&quot;fadeIn&quot;}\" data-widget_type=\"starbelly-intro-reservation.default\">\n\t\t\t\t<div class=\"elementor-widget-container\">\n\t\t\t\n    <!-- banner -->\n    <section class=\"sb-banner sb-banner-color\">\n      <div class=\"container\">\n        <div class=\"row align-items-center\">\n          <div class=\"col-lg-7\">\n            <!-- main title -->\n            <div class=\"sb-main-title-frame\">\n              <div class=\"sb-main-title\">\n                                <span class=\"sb-suptitle sb-mb-30\">\n                  <span >\n                    Dragos Bal\u0131k'tan size \u00f6zel mesaj var!                  <\/span>\n                <\/span>\n                                                <h1 class=\"sb-title-el sb-mb-30\">\n                  <span >\n                    Mmm...! <br>Ak\u015fam\u0131n\u0131z <br>harika olacak!                  <\/span>\n                <\/h1>\n                                                <p class=\"sb-text sb-text-lg sb-mb-30\">\n                  <span >\n                    Sizin i\u00e7in en \u00f6zel masam\u0131z\u0131 ay\u0131raca\u011f\u0131m\u0131zdan<br>emin olabilirsiniz.                  <\/span>\n                <\/p>\n                                              <\/div>\n            <\/div>\n            <!-- main title end -->\n          <\/div>\n          <div class=\"col-lg-5\">\n            <div class=\"sb-contact-form-frame\">\n              <div class=\"sb-illustration-9\">\n                                                <img decoding=\"async\" src=\"https:\/\/www.dragosbalik.com\/tr\/wp-content\/uploads\/2022\/07\/reservation-950x544.png\" alt=\"Dragos Bal\u0131k&#039;tan size \u00f6zel mesaj var!\" class=\"sb-envelope-1\" \/>\n                                \t\t\t\t\t\t\t\t                                <div class=\"sb-cirkle-1\"><\/div>\n                <div class=\"sb-cirkle-2\"><\/div>\n                <div class=\"sb-cirkle-3\"><\/div>\n                              <\/div>\n              <div class=\"sb-form-content\">\n                <div class=\"sb-main-content\">\n                                    <h3 class=\"sb-mb-30\">\n                    <span >\n                      Rezervasyon Formu                    <\/span>\n                  <\/h3>\n                                        \t          \t      \t                \t\n<div class=\"wpcf7 no-js\" id=\"wpcf7-f723-o1\" lang=\"en-US\" dir=\"ltr\">\n<div class=\"screen-reader-response\"><p role=\"status\" aria-live=\"polite\" aria-atomic=\"true\"><\/p> <ul><\/ul><\/div>\n<form action=\"\/tr\/wp-json\/wp\/v2\/pages\/80#wpcf7-f723-o1\" method=\"post\" class=\"wpcf7-form init\" aria-label=\"Contact form\" novalidate=\"novalidate\" data-status=\"init\">\n<div style=\"display: none;\">\n<input type=\"hidden\" name=\"_wpcf7\" value=\"723\" \/>\n<input type=\"hidden\" name=\"_wpcf7_version\" value=\"5.9.3\" \/>\n<input type=\"hidden\" name=\"_wpcf7_locale\" value=\"en_US\" \/>\n<input type=\"hidden\" name=\"_wpcf7_unit_tag\" value=\"wpcf7-f723-o1\" \/>\n<input type=\"hidden\" name=\"_wpcf7_container_post\" value=\"0\" \/>\n<input type=\"hidden\" name=\"_wpcf7_posted_data_hash\" value=\"\" \/>\n<\/div>\n<div class=\"row\">\n  <div class=\"col-lg-12\">\n    <div class=\"sb-group-input\">\n      <span class=\"wpcf7-form-control-wrap\" data-name=\"rf_name\"><input size=\"40\" class=\"wpcf7-form-control wpcf7-text wpcf7-validates-as-required\" aria-required=\"true\" aria-invalid=\"false\" placeholder=\"Ad Soyad\" value=\"\" type=\"text\" name=\"rf_name\" \/><\/span>\n    <\/div>\n  <\/div>\n  <div class=\"col-lg-12\">\n    <div class=\"sb-group-input\">\n      <span class=\"wpcf7-form-control-wrap\" data-name=\"rf_email\"><input size=\"40\" class=\"wpcf7-form-control wpcf7-email wpcf7-text wpcf7-validates-as-email\" aria-invalid=\"false\" placeholder=\"E-Mail\" value=\"\" type=\"email\" name=\"rf_email\" \/><\/span>\n    <\/div>\n  <\/div>\n  <div class=\"col-lg-6\">\n    <div class=\"sb-group-input\">\n      <span class=\"wpcf7-form-control-wrap telefon\"><input type=\"tel\" value=\"\" name=\"telefon\" class=\"wpcf7-form-control wpcf7-mask wpcf7-validates-as-required wpcf7mf-mask\" size=\"40\" aria-required=\"1\" aria-invalid=\"\" placeholder=\"0___ ___ __ __\" data-mask=\"0___ ___ __ __\" \/><\/span>\n    <\/div>\n  <\/div>\n  <div class=\"col-lg-6\">\n    <div class=\"sb-group-input\">\n      <span class=\"wpcf7-form-control-wrap\" data-name=\"rf_persons\"><select class=\"wpcf7-form-control wpcf7-select wpcf7-validates-as-required\" aria-required=\"true\" aria-invalid=\"false\" name=\"rf_persons\"><option value=\"\">Ki\u015fi Say\u0131s\u0131<\/option><option value=\"1 Ki\u015fi\">1 Ki\u015fi<\/option><option value=\"2 Ki\u015fi\">2 Ki\u015fi<\/option><option value=\"3 Ki\u015fi\">3 Ki\u015fi<\/option><option value=\"4 Ki\u015fi\">4 Ki\u015fi<\/option><option value=\"5 Ki\u015fi\">5 Ki\u015fi<\/option><option value=\"5&#039;den fazla\">5&#039;den fazla<\/option><\/select><\/span>\n    <\/div>\n  <\/div>\n  <div class=\"col-lg-6\">\n    <div class=\"sb-group-input\">\n      <div class=\"datepicker__container\">\n        <span class=\"wpcf7-form-control-wrap\" data-name=\"rf_date\"><input size=\"40\" class=\"wpcf7-form-control wpcf7-text wpcf7-validates-as-required datepicker-here\" id=\"reservation_date\" aria-required=\"true\" aria-invalid=\"false\" placeholder=\"Tarih Se\u00e7iniz\" value=\"\" type=\"text\" name=\"rf_date\" \/><\/span>\n      <\/div>\n    <\/div>\n  <\/div>\n  <div class=\"col-lg-6\">\n    <div class=\"sb-group-input\">\n      <span class=\"wpcf7-form-control-wrap\" data-name=\"rf_time\"><select class=\"wpcf7-form-control wpcf7-select wpcf7-validates-as-required\" aria-required=\"true\" aria-invalid=\"false\" name=\"rf_time\"><option value=\"\">Saat Se\u00e7iniz<\/option><option value=\"12:00\">12:00<\/option><option value=\"13:00\">13:00<\/option><option value=\"14:00\">14:00<\/option><option value=\"15:00\">15:00<\/option><option value=\"16:00\">16:00<\/option><option value=\"17:00\">17:00<\/option><option value=\"18:00\">18:00<\/option><option value=\"19:00\">19:00<\/option><option value=\"20:00\">20:00<\/option><option value=\"21:00\">21:00<\/option><option value=\"22:00\">22:00<\/option><option value=\"23:00\">23:00<\/option><\/select><\/span>\n    <\/div>\n  <\/div>\n<\/div>\n<!-- button -->\n<button class=\"sb-btn sb-cf-submit\">\n  <span class=\"sb-icon\">\n    <span class=\"sb-icon-arrow\"><\/span>\n  <\/span>\n  <span>Rezervasyon Yap\u0131n<\/span>\n<\/button>\n<!-- button end --><div class=\"wpcf7-response-output\" aria-hidden=\"true\"><\/div>\n<\/form>\n<\/div>\n    \t                    \t                          <\/div>\n              <\/div>\n            <\/div>\n          <\/div>\n        <\/div>\n      <\/div>\n    <\/section>\n    <!-- banner end -->\n\n\t\t\t\t<\/div>\n\t\t\t\t<\/div>\n\t\t\t\t\t<\/div>\n\t\t<\/div>\n\t\t\t\t\t<\/div>\n\t\t<\/section>\n\t\t\t\t<\/div>\n\t\t","protected":false},"excerpt":{"rendered":"<p>Dragos Bal\u0131k Restaurant \u0130stanbul&#8217;un en g\u00fczelbal\u0131k restaurant\u0131 E\u015fsiz Adalar manzaram\u0131z, keyifli vakit ge\u00e7irece\u011fiz saatler i\u00e7in, sizleri bekliyoruz. Rezervasyon Kay\u0131t Men\u00fclerimiz.. <span class=\"sb-el-more\"><a href=\"https:\/\/www.dragosbalik.com\/tr\/\" class=\"sb-btn\"><span class=\"sb-icon\"><span class=\"sb-icon-arrow\"><\/span><\/span><span>Read more<\/span><\/a><\/span><\/p>\n","protected":false},"author":1,"featured_media":0,"parent":0,"menu_order":0,"comment_status":"closed","ping_status":"closed","template":"template-layout-builder.php","meta":{"_monsterinsights_skip_tracking":false,"_monsterinsights_sitenote_active":false,"_monsterinsights_sitenote_note":"","_monsterinsights_sitenote_category":0,"footnotes":""},"class_list":["post-80","page","type-page","status-publish","hentry"],"acf":[],"aioseo_notices":[],"_links":{"self":[{"href":"https:\/\/www.dragosbalik.com\/tr\/wp-json\/wp\/v2\/pages\/80","targetHints":{"allow":["GET"]}}],"collection":[{"href":"https:\/\/www.dragosbalik.com\/tr\/wp-json\/wp\/v2\/pages"}],"about":[{"href":"https:\/\/www.dragosbalik.com\/tr\/wp-json\/wp\/v2\/types\/page"}],"author":[{"embeddable":true,"href":"https:\/\/www.dragosbalik.com\/tr\/wp-json\/wp\/v2\/users\/1"}],"replies":[{"embeddable":true,"href":"https:\/\/www.dragosbalik.com\/tr\/wp-json\/wp\/v2\/comments?post=80"}],"version-history":[{"count":158,"href":"https:\/\/www.dragosbalik.com\/tr\/wp-json\/wp\/v2\/pages\/80\/revisions"}],"predecessor-version":[{"id":2724,"href":"https:\/\/www.dragosbalik.com\/tr\/wp-json\/wp\/v2\/pages\/80\/revisions\/2724"}],"wp:attachment":[{"href":"https:\/\/www.dragosbalik.com\/tr\/wp-json\/wp\/v2\/media?parent=80"}],"curies":[{"name":"wp","href":"https:\/\/api.w.org\/{rel}","templated":true}]}}