{"id":721,"date":"2022-07-25T20:51:03","date_gmt":"2022-07-25T20:51:03","guid":{"rendered":"https:\/\/starbelly-demo.bslthemes.com\/?page_id=721"},"modified":"2024-05-08T10:26:42","modified_gmt":"2024-05-08T07:26:42","slug":"rezervasyon","status":"publish","type":"page","link":"https:\/\/www.dragosbalik.com\/tr\/rezervasyon\/","title":{"rendered":"Rezervasyon"},"content":{"rendered":"\t\t<div data-elementor-type=\"wp-page\" data-elementor-id=\"721\" class=\"elementor elementor-721\">\n\t\t\t\t\t\t<section class=\"elementor-section elementor-top-section elementor-element elementor-element-a9d24b9 elementor-section-full_width elementor-section-height-default elementor-section-height-default\" data-id=\"a9d24b9\" data-element_type=\"section\" data-settings=\"{&quot;background_background&quot;:&quot;slideshow&quot;,&quot;background_slideshow_gallery&quot;:[],&quot;background_slideshow_loop&quot;:&quot;yes&quot;,&quot;background_slideshow_slide_duration&quot;:5000,&quot;background_slideshow_slide_transition&quot;:&quot;fade&quot;,&quot;background_slideshow_transition_duration&quot;:500}\">\n\t\t\t\t\t\t<div class=\"elementor-container elementor-column-gap-no\">\n\t\t\t\t\t<div class=\"elementor-column elementor-col-100 elementor-top-column elementor-element elementor-element-182c52e\" data-id=\"182c52e\" data-element_type=\"column\">\n\t\t\t<div class=\"elementor-widget-wrap elementor-element-populated\">\n\t\t\t\t\t\t<div class=\"elementor-element elementor-element-ecc038e animated-slow elementor-invisible elementor-widget elementor-widget-starbelly-intro-reservation\" data-id=\"ecc038e\" data-element_type=\"widget\" data-settings=\"{&quot;_animation&quot;:&quot;bounce&quot;}\" data-widget_type=\"starbelly-intro-reservation.default\">\n\t\t\t\t<div class=\"elementor-widget-container\">\n\t\t\t\n    <!-- banner -->\n    <section class=\"sb-banner sb-banner-color\">\n      <div class=\"container\">\n        <div class=\"row align-items-center\">\n          <div class=\"col-lg-7\">\n            <!-- main title -->\n            <div class=\"sb-main-title-frame\">\n              <div class=\"sb-main-title\">\n                                <span class=\"sb-suptitle sb-mb-30\">\n                  <span >\n                    Dragos Bal\u0131k'tan size \u00f6zel mesaj var!                  <\/span>\n                <\/span>\n                                                <h1 class=\"sb-title-el sb-mb-30\">\n                  <span >\n                    Mmm...! <br>Ak\u015fam\u0131n\u0131z <br>harika olacak!                  <\/span>\n                <\/h1>\n                                                <p class=\"sb-text sb-text-lg sb-mb-30\">\n                  <span >\n                    Sizin i\u00e7in en \u00f6zel masam\u0131z\u0131 ay\u0131raca\u011f\u0131m\u0131zdan<br>emin olabilirsiniz.                  <\/span>\n                <\/p>\n                                              <\/div>\n            <\/div>\n            <!-- main title end -->\n          <\/div>\n          <div class=\"col-lg-5\">\n            <div class=\"sb-contact-form-frame\">\n              <div class=\"sb-illustration-9\">\n                                                <img decoding=\"async\" src=\"https:\/\/www.dragosbalik.com\/tr\/wp-content\/uploads\/2022\/07\/reservation-950x544.png\" alt=\"Dragos Bal\u0131k&#039;tan size \u00f6zel mesaj var!\" class=\"sb-envelope-1\" \/>\n                                \t\t\t\t\t\t\t\t                                <div class=\"sb-cirkle-1\"><\/div>\n                <div class=\"sb-cirkle-2\"><\/div>\n                <div class=\"sb-cirkle-3\"><\/div>\n                              <\/div>\n              <div class=\"sb-form-content\">\n                <div class=\"sb-main-content\">\n                                    <h3 class=\"sb-mb-30\">\n                    <span >\n                      Rezervasyon Formu                    <\/span>\n                  <\/h3>\n                                        \t          \t      \t                \t\n<div class=\"wpcf7 no-js\" id=\"wpcf7-f723-o1\" lang=\"en-US\" dir=\"ltr\">\n<div class=\"screen-reader-response\"><p role=\"status\" aria-live=\"polite\" aria-atomic=\"true\"><\/p> <ul><\/ul><\/div>\n<form action=\"\/tr\/wp-json\/wp\/v2\/pages\/721#wpcf7-f723-o1\" method=\"post\" class=\"wpcf7-form init\" aria-label=\"Contact form\" novalidate=\"novalidate\" data-status=\"init\">\n<div style=\"display: none;\">\n<input type=\"hidden\" name=\"_wpcf7\" value=\"723\" \/>\n<input type=\"hidden\" name=\"_wpcf7_version\" value=\"5.9.3\" \/>\n<input type=\"hidden\" name=\"_wpcf7_locale\" value=\"en_US\" \/>\n<input type=\"hidden\" name=\"_wpcf7_unit_tag\" value=\"wpcf7-f723-o1\" \/>\n<input type=\"hidden\" name=\"_wpcf7_container_post\" value=\"0\" \/>\n<input type=\"hidden\" name=\"_wpcf7_posted_data_hash\" value=\"\" \/>\n<\/div>\n<div class=\"row\">\n  <div class=\"col-lg-12\">\n    <div class=\"sb-group-input\">\n      <span class=\"wpcf7-form-control-wrap\" data-name=\"rf_name\"><input size=\"40\" class=\"wpcf7-form-control wpcf7-text wpcf7-validates-as-required\" aria-required=\"true\" aria-invalid=\"false\" placeholder=\"Ad Soyad\" value=\"\" type=\"text\" name=\"rf_name\" \/><\/span>\n    <\/div>\n  <\/div>\n  <div class=\"col-lg-12\">\n    <div class=\"sb-group-input\">\n      <span class=\"wpcf7-form-control-wrap\" data-name=\"rf_email\"><input size=\"40\" class=\"wpcf7-form-control wpcf7-email wpcf7-text wpcf7-validates-as-email\" aria-invalid=\"false\" placeholder=\"E-Mail\" value=\"\" type=\"email\" name=\"rf_email\" \/><\/span>\n    <\/div>\n  <\/div>\n  <div class=\"col-lg-6\">\n    <div class=\"sb-group-input\">\n      <span class=\"wpcf7-form-control-wrap telefon\"><input type=\"tel\" value=\"\" name=\"telefon\" class=\"wpcf7-form-control wpcf7-mask wpcf7-validates-as-required wpcf7mf-mask\" size=\"40\" aria-required=\"1\" aria-invalid=\"\" placeholder=\"0___ ___ __ __\" data-mask=\"0___ ___ __ __\" \/><\/span>\n    <\/div>\n  <\/div>\n  <div class=\"col-lg-6\">\n    <div class=\"sb-group-input\">\n      <span class=\"wpcf7-form-control-wrap\" data-name=\"rf_persons\"><select class=\"wpcf7-form-control wpcf7-select wpcf7-validates-as-required\" aria-required=\"true\" aria-invalid=\"false\" name=\"rf_persons\"><option value=\"\">Ki\u015fi Say\u0131s\u0131<\/option><option value=\"1 Ki\u015fi\">1 Ki\u015fi<\/option><option value=\"2 Ki\u015fi\">2 Ki\u015fi<\/option><option value=\"3 Ki\u015fi\">3 Ki\u015fi<\/option><option value=\"4 Ki\u015fi\">4 Ki\u015fi<\/option><option value=\"5 Ki\u015fi\">5 Ki\u015fi<\/option><option value=\"5&#039;den fazla\">5&#039;den fazla<\/option><\/select><\/span>\n    <\/div>\n  <\/div>\n  <div class=\"col-lg-6\">\n    <div class=\"sb-group-input\">\n      <div class=\"datepicker__container\">\n        <span class=\"wpcf7-form-control-wrap\" data-name=\"rf_date\"><input size=\"40\" class=\"wpcf7-form-control wpcf7-text wpcf7-validates-as-required datepicker-here\" id=\"reservation_date\" aria-required=\"true\" aria-invalid=\"false\" placeholder=\"Tarih Se\u00e7iniz\" value=\"\" type=\"text\" name=\"rf_date\" \/><\/span>\n      <\/div>\n    <\/div>\n  <\/div>\n  <div class=\"col-lg-6\">\n    <div class=\"sb-group-input\">\n      <span class=\"wpcf7-form-control-wrap\" data-name=\"rf_time\"><select class=\"wpcf7-form-control wpcf7-select wpcf7-validates-as-required\" aria-required=\"true\" aria-invalid=\"false\" name=\"rf_time\"><option value=\"\">Saat Se\u00e7iniz<\/option><option value=\"12:00\">12:00<\/option><option value=\"13:00\">13:00<\/option><option value=\"14:00\">14:00<\/option><option value=\"15:00\">15:00<\/option><option value=\"16:00\">16:00<\/option><option value=\"17:00\">17:00<\/option><option value=\"18:00\">18:00<\/option><option value=\"19:00\">19:00<\/option><option value=\"20:00\">20:00<\/option><option value=\"21:00\">21:00<\/option><option value=\"22:00\">22:00<\/option><option value=\"23:00\">23:00<\/option><\/select><\/span>\n    <\/div>\n  <\/div>\n<\/div>\n<!-- button -->\n<button class=\"sb-btn sb-cf-submit\">\n  <span class=\"sb-icon\">\n    <span class=\"sb-icon-arrow\"><\/span>\n  <\/span>\n  <span>Rezervasyon Yap\u0131n<\/span>\n<\/button>\n<!-- button end --><div class=\"wpcf7-response-output\" aria-hidden=\"true\"><\/div>\n<\/form>\n<\/div>\n    \t                    \t                          <\/div>\n              <\/div>\n            <\/div>\n          <\/div>\n        <\/div>\n      <\/div>\n    <\/section>\n    <!-- banner end -->\n\n\t\t\t\t<\/div>\n\t\t\t\t<\/div>\n\t\t\t\t\t<\/div>\n\t\t<\/div>\n\t\t\t\t\t<\/div>\n\t\t<\/section>\n\t\t\t\t<section class=\"elementor-section elementor-top-section elementor-element elementor-element-c7261e7 elementor-section-full_width elementor-section-height-default elementor-section-height-default\" data-id=\"c7261e7\" data-element_type=\"section\">\n\t\t\t\t\t\t<div class=\"elementor-container elementor-column-gap-no\">\n\t\t\t\t\t<div class=\"elementor-column elementor-col-100 elementor-top-column elementor-element elementor-element-9f99de2\" data-id=\"9f99de2\" data-element_type=\"column\">\n\t\t\t<div class=\"elementor-widget-wrap elementor-element-populated\">\n\t\t\t\t\t\t<div class=\"elementor-element elementor-element-fdbb31f animated-slow elementor-invisible elementor-widget elementor-widget-starbelly-features-2\" data-id=\"fdbb31f\" data-element_type=\"widget\" data-settings=\"{&quot;_animation&quot;:&quot;fadeIn&quot;}\" data-widget_type=\"starbelly-features-2.default\">\n\t\t\t\t<div class=\"elementor-widget-container\">\n\t\t\t\n\t\t<!-- features -->\n\t\t<section class=\"sb-features sb-p-0-30\">\n\t\t\t<div class=\"container\">\n\t\t\t\t\t\t\t\t<div class=\"row\">\n\t\t\t\t\t\t\t\t\t\t<div class=\"col-lg-4\">\n\t\t\t\t\t\t<div class=\"sb-features-item sb-mb-60\">\n\t\t\t\t\t\t\t\t\t\t\t\t\t\t<div class=\"sb-number\">\n\t\t\t\t\t\t\t\t<span >\n\t\t\t\t\t\t\t\t\t01\t\t\t\t\t\t\t\t<\/span>\n\t\t\t\t\t\t\t<\/div>\n\t\t\t\t\t\t\t\t\t\t\t\t\t\t<div class=\"sb-feature-text\">\n\t\t\t\t\t\t\t\t\t\t\t\t\t\t\t\t<h3 class=\"sb-mb-15\">\n\t\t\t\t\t\t\t\t\t<span >\n\t\t\t\t\t\t\t\t\t\tAdres\t\t\t\t\t\t\t\t\t<\/span>\n\t\t\t\t\t\t\t\t<\/h3>\n\t\t\t\t\t\t\t\t\t\t\t\t\t\t\t\t\t\t\t\t\t\t\t\t<div class=\"sb-text\">\n\t\t\t\t\t\t\t\t\t<div >\n\t\t\t\t\t\t\t\t\t\t<p>Orhantepe Mahallesi, Orhangazi Cad, Mutlu Sk. No:61, 34865 Kartal<\/p>\t\t\t\t\t\t\t\t\t<\/div>\n\t\t\t\t\t\t\t\t<\/div>\n\t\t\t\t\t\t\t\t\t\t\t\t\t\t\t<\/div>\n\t\t\t\t\t\t<\/div>\n\t\t\t\t\t<\/div>\n\t\t\t\t\t\t\t\t\t\t<div class=\"col-lg-4\">\n\t\t\t\t\t\t<div class=\"sb-features-item sb-mb-60\">\n\t\t\t\t\t\t\t\t\t\t\t\t\t\t<div class=\"sb-number\">\n\t\t\t\t\t\t\t\t<span >\n\t\t\t\t\t\t\t\t\t02\t\t\t\t\t\t\t\t<\/span>\n\t\t\t\t\t\t\t<\/div>\n\t\t\t\t\t\t\t\t\t\t\t\t\t\t<div class=\"sb-feature-text\">\n\t\t\t\t\t\t\t\t\t\t\t\t\t\t\t\t<h3 class=\"sb-mb-15\">\n\t\t\t\t\t\t\t\t\t<span >\n\t\t\t\t\t\t\t\t\t\tTelefon\t\t\t\t\t\t\t\t\t<\/span>\n\t\t\t\t\t\t\t\t<\/h3>\n\t\t\t\t\t\t\t\t\t\t\t\t\t\t\t\t\t\t\t\t\t\t\t\t<div class=\"sb-text\">\n\t\t\t\t\t\t\t\t\t<div >\n\t\t\t\t\t\t\t\t\t\t<a href=\"tel:+902163707090\">+90 216 370 70 90<\/a>\n<br \/>\n<a href=\"tel:+905495960807\">+90 549 596 08 07 <\/a>\t\t\t\t\t\t\t\t\t<\/div>\n\t\t\t\t\t\t\t\t<\/div>\n\t\t\t\t\t\t\t\t\t\t\t\t\t\t\t<\/div>\n\t\t\t\t\t\t<\/div>\n\t\t\t\t\t<\/div>\n\t\t\t\t\t\t\t\t\t\t<div class=\"col-lg-4\">\n\t\t\t\t\t\t<div class=\"sb-features-item sb-mb-60\">\n\t\t\t\t\t\t\t\t\t\t\t\t\t\t<div class=\"sb-number\">\n\t\t\t\t\t\t\t\t<span >\n\t\t\t\t\t\t\t\t\t03\t\t\t\t\t\t\t\t<\/span>\n\t\t\t\t\t\t\t<\/div>\n\t\t\t\t\t\t\t\t\t\t\t\t\t\t<div class=\"sb-feature-text\">\n\t\t\t\t\t\t\t\t\t\t\t\t\t\t\t\t<h3 class=\"sb-mb-15\">\n\t\t\t\t\t\t\t\t\t<span >\n\t\t\t\t\t\t\t\t\t\tE-Mail\t\t\t\t\t\t\t\t\t<\/span>\n\t\t\t\t\t\t\t\t<\/h3>\n\t\t\t\t\t\t\t\t\t\t\t\t\t\t\t\t\t\t\t\t\t\t\t\t<div class=\"sb-text\">\n\t\t\t\t\t\t\t\t\t<div >\n\t\t\t\t\t\t\t\t\t\t<p><a href=\"mailto:info@dragosbalik.com\">info@dragosbalik.com<\/a><\/p>\t\t\t\t\t\t\t\t\t<\/div>\n\t\t\t\t\t\t\t\t<\/div>\n\t\t\t\t\t\t\t\t\t\t\t\t\t\t\t<\/div>\n\t\t\t\t\t\t<\/div>\n\t\t\t\t\t<\/div>\n\t\t\t\t\t\t\t\t\t<\/div>\n\t\t\t\t\t\t\t<\/div>\n\t\t<\/section>\n\t\t<!-- features end -->\n\n\t\t\t\t<\/div>\n\t\t\t\t<\/div>\n\t\t\t\t\t<\/div>\n\t\t<\/div>\n\t\t\t\t\t<\/div>\n\t\t<\/section>\n\t\t<div class=\"elementor-element elementor-element-043c4eb e-con-full animated-slow e-flex elementor-invisible e-con e-parent\" data-id=\"043c4eb\" data-element_type=\"container\" data-settings=\"{&quot;animation&quot;:&quot;fadeInUp&quot;}\">\n\t\t\t\t<div class=\"elementor-element elementor-element-bd0dd94 elementor-widget elementor-widget-google_maps\" data-id=\"bd0dd94\" data-element_type=\"widget\" data-widget_type=\"google_maps.default\">\n\t\t\t\t<div class=\"elementor-widget-container\">\n\t\t\t<style>\/*! elementor - v3.21.0 - 25-04-2024 *\/\n.elementor-widget-google_maps .elementor-widget-container{overflow:hidden}.elementor-widget-google_maps .elementor-custom-embed{line-height:0}.elementor-widget-google_maps iframe{height:300px}<\/style>\t\t<div class=\"elementor-custom-embed\">\n\t\t\t<iframe loading=\"lazy\"\n\t\t\t\t\tsrc=\"https:\/\/maps.google.com\/maps?q=Dragos%20Bal%C4%B1k&#038;t=m&#038;z=13&#038;output=embed&#038;iwloc=near\"\n\t\t\t\t\ttitle=\"Dragos Bal\u0131k\"\n\t\t\t\t\taria-label=\"Dragos Bal\u0131k\"\n\t\t\t><\/iframe>\n\t\t<\/div>\n\t\t\t\t<\/div>\n\t\t\t\t<\/div>\n\t\t\t\t<\/div>\n\t\t\t\t<\/div>\n\t\t","protected":false},"excerpt":{"rendered":"<p>Dragos Bal\u0131k&#8217;tan size \u00f6zel mesaj var! Mmm&#8230;! Ak\u015fam\u0131n\u0131z harika olacak! Sizin i\u00e7in en \u00f6zel masam\u0131z\u0131 ay\u0131raca\u011f\u0131m\u0131zdanemin olabilirsiniz. Rezervasyon Formu Ki\u015fi.. <span class=\"sb-el-more\"><a href=\"https:\/\/www.dragosbalik.com\/tr\/rezervasyon\/\" class=\"sb-btn\"><span class=\"sb-icon\"><span class=\"sb-icon-arrow\"><\/span><\/span><span>Read more<\/span><\/a><\/span><\/p>\n","protected":false},"author":1,"featured_media":0,"parent":0,"menu_order":0,"comment_status":"closed","ping_status":"closed","template":"template-layout-builder.php","meta":{"_monsterinsights_skip_tracking":false,"_monsterinsights_sitenote_active":false,"_monsterinsights_sitenote_note":"","_monsterinsights_sitenote_category":0,"footnotes":""},"class_list":["post-721","page","type-page","status-publish","hentry"],"acf":[],"aioseo_notices":[],"_links":{"self":[{"href":"https:\/\/www.dragosbalik.com\/tr\/wp-json\/wp\/v2\/pages\/721","targetHints":{"allow":["GET"]}}],"collection":[{"href":"https:\/\/www.dragosbalik.com\/tr\/wp-json\/wp\/v2\/pages"}],"about":[{"href":"https:\/\/www.dragosbalik.com\/tr\/wp-json\/wp\/v2\/types\/page"}],"author":[{"embeddable":true,"href":"https:\/\/www.dragosbalik.com\/tr\/wp-json\/wp\/v2\/users\/1"}],"replies":[{"embeddable":true,"href":"https:\/\/www.dragosbalik.com\/tr\/wp-json\/wp\/v2\/comments?post=721"}],"version-history":[{"count":31,"href":"https:\/\/www.dragosbalik.com\/tr\/wp-json\/wp\/v2\/pages\/721\/revisions"}],"predecessor-version":[{"id":1895,"href":"https:\/\/www.dragosbalik.com\/tr\/wp-json\/wp\/v2\/pages\/721\/revisions\/1895"}],"wp:attachment":[{"href":"https:\/\/www.dragosbalik.com\/tr\/wp-json\/wp\/v2\/media?parent=721"}],"curies":[{"name":"wp","href":"https:\/\/api.w.org\/{rel}","templated":true}]}}