{"id":2580,"date":"2026-03-09T00:17:07","date_gmt":"2026-03-08T21:17:07","guid":{"rendered":"https:\/\/www.dragosbalik.com\/tr\/?page_id=2580"},"modified":"2026-03-09T00:52:26","modified_gmt":"2026-03-08T21:52:26","slug":"alkolsuz-icecekler-menu","status":"publish","type":"page","link":"https:\/\/www.dragosbalik.com\/tr\/alkolsuz-icecekler-menu\/","title":{"rendered":"Alkols\u00fcz \u0130\u00e7ecekler Men\u00fc"},"content":{"rendered":"\t\t<div data-elementor-type=\"wp-page\" data-elementor-id=\"2580\" class=\"elementor elementor-2580\">\n\t\t\t\t\t\t<section class=\"elementor-section elementor-top-section elementor-element elementor-element-7d0c04c2 elementor-section-full_width elementor-section-height-default elementor-section-height-default\" data-id=\"7d0c04c2\" data-element_type=\"section\">\n\t\t\t\t\t\t<div class=\"elementor-container elementor-column-gap-no\">\n\t\t\t\t\t<div class=\"elementor-column elementor-col-100 elementor-top-column elementor-element elementor-element-3efe154d\" data-id=\"3efe154d\" data-element_type=\"column\">\n\t\t\t<div class=\"elementor-widget-wrap elementor-element-populated\">\n\t\t\t\t\t\t<div class=\"elementor-element elementor-element-723a4f50 elementor-widget elementor-widget-starbelly-intro\" data-id=\"723a4f50\" data-element_type=\"widget\" data-widget_type=\"starbelly-intro.default\">\n\t\t\t\t<div class=\"elementor-widget-container\">\n\t\t\t\n\t\t<!-- banner -->\n\t\t<section class=\"sb-banner sb-banner-sm sb-banner-color\">\n\t\t\t<div class=\"container\">\n\t\t\t\t<div class=\"row\">\n\t\t\t\t\t<div class=\"col-lg-12\">\n\t\t\t\t\t\t<!-- main title -->\n\t\t\t\t\t\t<div class=\"sb-main-title-frame\">\n\t\t\t\t\t\t\t<div class=\"sb-main-title text-center\">\n\t\t\t\t\t\t\t\t\t\t\t\t\t\t\t\t<span class=\"sb-suptitle sb-mb-30\">\n\t\t\t\t\t\t\t\t\t<span >\n\t\t\t\t\t          Dragos Bal\u0131k\t\t\t\t\t        <\/span>\n\t\t\t\t\t\t\t\t<\/span>\n\t\t\t\t\t\t\t\t\t\t\t\t\t\t\t\t\t\t\t\t\t\t\t\t<h1 class=\"sb-title-el sb-mb-30\">\n\t\t\t\t\t\t\t\t\t<span >\n\t\t\t\t\t          Alkols\u00fcz \u0130\u00e7ecekler Men\u00fc\t\t\t\t\t        <\/span>\n\t\t\t\t\t\t\t\t<\/h1>\n\t\t\t\t\t\t\t\t\t\t\t\t\t\t\t\t\t\t\t\t\t\t\t\t\t\t\t\t\t\t\t<\/div>\n\t\t\t\t\t\t<\/div>\n\t\t\t\t\t\t<!-- main title end -->\n\t\t\t\t\t<\/div>\n\t\t\t\t<\/div>\n\t\t\t<\/div>\n\t\t<\/section>\n\t\t<!-- banner end -->\n\n\t\t\t\t<\/div>\n\t\t\t\t<\/div>\n\t\t\t\t\t<\/div>\n\t\t<\/div>\n\t\t\t\t\t<\/div>\n\t\t<\/section>\n\t\t\t\t<section class=\"elementor-section elementor-top-section elementor-element elementor-element-162ad1c6 elementor-section-full_width elementor-section-height-default elementor-section-height-default\" data-id=\"162ad1c6\" data-element_type=\"section\">\n\t\t\t\t\t\t<div class=\"elementor-container elementor-column-gap-no\">\n\t\t\t\t\t<div class=\"elementor-column elementor-col-100 elementor-top-column elementor-element elementor-element-10c4746f\" data-id=\"10c4746f\" data-element_type=\"column\">\n\t\t\t<div class=\"elementor-widget-wrap elementor-element-populated\">\n\t\t\t\t\t\t<div class=\"elementor-element elementor-element-529e89ea elementor-widget elementor-widget-starbelly-restaurant-menu-grid\" data-id=\"529e89ea\" data-element_type=\"widget\" data-widget_type=\"starbelly-restaurant-menu-grid.default\">\n\t\t\t\t<div class=\"elementor-widget-container\">\n\t\t\t\n\t\t<!-- menu section 1 -->\n\t\t<section class=\"sb-menu-section sb-p-90-60\">\n\t\t\t\t\t\t\t\t\t<div class=\"sb-bg-2\">\n\t\t\t<div><\/div>\n\t\t\t<\/div>\n\t\t\t\n\t\t\t<div class=\"container  attr-featured-false\">\n\t\t\t\t\n\t\t\t\t\n\t\t\t\t<div class=\"sb-masonry-grid\">\n\t\t\t\t\t<div class=\"sb-grid-sizer\"><\/div>\n\n\t\t\t\t\t\n\n<div class=\"sb-grid-item sb-item-50 category-alkolsuz-icecekler \">\n\n\t<a data-elementor-open-lightbox=\"yes\" data-elementor-lightbox-title=\"Soda \/ Mineral water\" data-no-swup href=\"\" class=\"sb-menu-item sb-mb-30\">\n\t\t\t\t<div class=\"sb-card-tp\">\n\t\t\t<h4 class=\"sb-card-title\">Soda \/ Mineral water<\/h4>\n\t\t\t\t\t\t<div class=\"sb-price\">\n\t\t\t\t\t\t\t\t125\t\t\t\t<sub>\u20ba<\/sub>\t\t\t<\/div>\n\t\t\t\t\t<\/div>\n\t\t<div class=\"sb-description\">\n\t\t\t\t\t\t<ul class=\"sb-stars\" data-rating=\"5\">\n\t\t\t\t\t\t\t\t<li><i class=\"fas fa-star\"><\/i><\/li>\n\t\t\t\t\t\t\t\t<li><i class=\"fas fa-star\"><\/i><\/li>\n\t\t\t\t\t\t\t\t<li><i class=\"fas fa-star\"><\/i><\/li>\n\t\t\t\t\t\t\t\t<li><i class=\"fas fa-star\"><\/i><\/li>\n\t\t\t\t\t\t\t\t<li><i class=\"fas fa-star\"><\/i><\/li>\n\t\t\t\t\t\t\t\t<li><i class=\"fas fa-star\"><\/i><\/li>\n\t\t\t\t\t\t\t<\/ul>\n\t\t<\/div>\n\t<\/a>\n\n<\/div>\n\n\n<div class=\"sb-grid-item sb-item-50 category-alkolsuz-icecekler \">\n\n\t<a data-elementor-open-lightbox=\"yes\" data-elementor-lightbox-title=\"\u015ealgam \/ Black carrot juice\" data-no-swup href=\"\" class=\"sb-menu-item sb-mb-30\">\n\t\t\t\t<div class=\"sb-card-tp\">\n\t\t\t<h4 class=\"sb-card-title\">\u015ealgam \/ Black carrot juice<\/h4>\n\t\t\t\t\t\t<div class=\"sb-price\">\n\t\t\t\t\t\t\t\t135\t\t\t\t<sub>\u20ba<\/sub>\t\t\t<\/div>\n\t\t\t\t\t<\/div>\n\t\t<div class=\"sb-description\">\n\t\t\t\t\t\t<ul class=\"sb-stars\" data-rating=\"5\">\n\t\t\t\t\t\t\t\t<li><i class=\"fas fa-star\"><\/i><\/li>\n\t\t\t\t\t\t\t\t<li><i class=\"fas fa-star\"><\/i><\/li>\n\t\t\t\t\t\t\t\t<li><i class=\"fas fa-star\"><\/i><\/li>\n\t\t\t\t\t\t\t\t<li><i class=\"fas fa-star\"><\/i><\/li>\n\t\t\t\t\t\t\t\t<li><i class=\"fas fa-star\"><\/i><\/li>\n\t\t\t\t\t\t\t\t<li><i class=\"fas fa-star\"><\/i><\/li>\n\t\t\t\t\t\t\t<\/ul>\n\t\t<\/div>\n\t<\/a>\n\n<\/div>\n\n\n<div class=\"sb-grid-item sb-item-50 category-alkolsuz-icecekler \">\n\n\t<a data-elementor-open-lightbox=\"yes\" data-elementor-lightbox-title=\"Coca Cola \/ Soft drink\" data-no-swup href=\"\" class=\"sb-menu-item sb-mb-30\">\n\t\t\t\t<div class=\"sb-card-tp\">\n\t\t\t<h4 class=\"sb-card-title\">Coca Cola \/ Soft drink<\/h4>\n\t\t\t\t\t\t<div class=\"sb-price\">\n\t\t\t\t\t\t\t\t210\t\t\t\t<sub>\u20ba<\/sub>\t\t\t<\/div>\n\t\t\t\t\t<\/div>\n\t\t<div class=\"sb-description\">\n\t\t\t\t\t\t<ul class=\"sb-stars\" data-rating=\"5\">\n\t\t\t\t\t\t\t\t<li><i class=\"fas fa-star\"><\/i><\/li>\n\t\t\t\t\t\t\t\t<li><i class=\"fas fa-star\"><\/i><\/li>\n\t\t\t\t\t\t\t\t<li><i class=\"fas fa-star\"><\/i><\/li>\n\t\t\t\t\t\t\t\t<li><i class=\"fas fa-star\"><\/i><\/li>\n\t\t\t\t\t\t\t\t<li><i class=\"fas fa-star\"><\/i><\/li>\n\t\t\t\t\t\t\t\t<li><i class=\"fas fa-star\"><\/i><\/li>\n\t\t\t\t\t\t\t<\/ul>\n\t\t<\/div>\n\t<\/a>\n\n<\/div>\n\n\n<div class=\"sb-grid-item sb-item-50 category-alkolsuz-icecekler \">\n\n\t<a data-elementor-open-lightbox=\"yes\" data-elementor-lightbox-title=\"Coca Cola Zero \/ Soft drink\" data-no-swup href=\"\" class=\"sb-menu-item sb-mb-30\">\n\t\t\t\t<div class=\"sb-card-tp\">\n\t\t\t<h4 class=\"sb-card-title\">Coca Cola Zero \/ Soft drink<\/h4>\n\t\t\t\t\t\t<div class=\"sb-price\">\n\t\t\t\t\t\t\t\t210\t\t\t\t<sub>\u20ba<\/sub>\t\t\t<\/div>\n\t\t\t\t\t<\/div>\n\t\t<div class=\"sb-description\">\n\t\t\t\t\t\t<ul class=\"sb-stars\" data-rating=\"5\">\n\t\t\t\t\t\t\t\t<li><i class=\"fas fa-star\"><\/i><\/li>\n\t\t\t\t\t\t\t\t<li><i class=\"fas fa-star\"><\/i><\/li>\n\t\t\t\t\t\t\t\t<li><i class=\"fas fa-star\"><\/i><\/li>\n\t\t\t\t\t\t\t\t<li><i class=\"fas fa-star\"><\/i><\/li>\n\t\t\t\t\t\t\t\t<li><i class=\"fas fa-star\"><\/i><\/li>\n\t\t\t\t\t\t\t\t<li><i class=\"fas fa-star\"><\/i><\/li>\n\t\t\t\t\t\t\t<\/ul>\n\t\t<\/div>\n\t<\/a>\n\n<\/div>\n\n\n<div class=\"sb-grid-item sb-item-50 category-alkolsuz-icecekler \">\n\n\t<a data-elementor-open-lightbox=\"yes\" data-elementor-lightbox-title=\"Fanta \/ Soft drink\" data-no-swup href=\"\" class=\"sb-menu-item sb-mb-30\">\n\t\t\t\t<div class=\"sb-card-tp\">\n\t\t\t<h4 class=\"sb-card-title\">Fanta \/ Soft drink<\/h4>\n\t\t\t\t\t\t<div class=\"sb-price\">\n\t\t\t\t\t\t\t\t210\t\t\t\t<sub>\u20ba<\/sub>\t\t\t<\/div>\n\t\t\t\t\t<\/div>\n\t\t<div class=\"sb-description\">\n\t\t\t\t\t\t<ul class=\"sb-stars\" data-rating=\"5\">\n\t\t\t\t\t\t\t\t<li><i class=\"fas fa-star\"><\/i><\/li>\n\t\t\t\t\t\t\t\t<li><i class=\"fas fa-star\"><\/i><\/li>\n\t\t\t\t\t\t\t\t<li><i class=\"fas fa-star\"><\/i><\/li>\n\t\t\t\t\t\t\t\t<li><i class=\"fas fa-star\"><\/i><\/li>\n\t\t\t\t\t\t\t\t<li><i class=\"fas fa-star\"><\/i><\/li>\n\t\t\t\t\t\t\t\t<li><i class=\"fas fa-star\"><\/i><\/li>\n\t\t\t\t\t\t\t<\/ul>\n\t\t<\/div>\n\t<\/a>\n\n<\/div>\n\n\n<div class=\"sb-grid-item sb-item-50 category-alkolsuz-icecekler \">\n\n\t<a data-elementor-open-lightbox=\"yes\" data-elementor-lightbox-title=\"Ice Tea \/ Soft drink\" data-no-swup href=\"\" class=\"sb-menu-item sb-mb-30\">\n\t\t\t\t<div class=\"sb-card-tp\">\n\t\t\t<h4 class=\"sb-card-title\">Ice Tea \/ Soft drink<\/h4>\n\t\t\t\t\t\t<div class=\"sb-price\">\n\t\t\t\t\t\t\t\t210\t\t\t\t<sub>\u20ba<\/sub>\t\t\t<\/div>\n\t\t\t\t\t<\/div>\n\t\t<div class=\"sb-description\">\n\t\t\t\t\t\t<ul class=\"sb-stars\" data-rating=\"5\">\n\t\t\t\t\t\t\t\t<li><i class=\"fas fa-star\"><\/i><\/li>\n\t\t\t\t\t\t\t\t<li><i class=\"fas fa-star\"><\/i><\/li>\n\t\t\t\t\t\t\t\t<li><i class=\"fas fa-star\"><\/i><\/li>\n\t\t\t\t\t\t\t\t<li><i class=\"fas fa-star\"><\/i><\/li>\n\t\t\t\t\t\t\t\t<li><i class=\"fas fa-star\"><\/i><\/li>\n\t\t\t\t\t\t\t\t<li><i class=\"fas fa-star\"><\/i><\/li>\n\t\t\t\t\t\t\t<\/ul>\n\t\t<\/div>\n\t<\/a>\n\n<\/div>\n\n\n<div class=\"sb-grid-item sb-item-50 category-alkolsuz-icecekler \">\n\n\t<a data-elementor-open-lightbox=\"yes\" data-elementor-lightbox-title=\"Sprite \/ Soft drink\" data-no-swup href=\"\" class=\"sb-menu-item sb-mb-30\">\n\t\t\t\t<div class=\"sb-card-tp\">\n\t\t\t<h4 class=\"sb-card-title\">Sprite \/ Soft drink<\/h4>\n\t\t\t\t\t\t<div class=\"sb-price\">\n\t\t\t\t\t\t\t\t210\t\t\t\t<sub>\u20ba<\/sub>\t\t\t<\/div>\n\t\t\t\t\t<\/div>\n\t\t<div class=\"sb-description\">\n\t\t\t\t\t\t<ul class=\"sb-stars\" data-rating=\"5\">\n\t\t\t\t\t\t\t\t<li><i class=\"fas fa-star\"><\/i><\/li>\n\t\t\t\t\t\t\t\t<li><i class=\"fas fa-star\"><\/i><\/li>\n\t\t\t\t\t\t\t\t<li><i class=\"fas fa-star\"><\/i><\/li>\n\t\t\t\t\t\t\t\t<li><i class=\"fas fa-star\"><\/i><\/li>\n\t\t\t\t\t\t\t\t<li><i class=\"fas fa-star\"><\/i><\/li>\n\t\t\t\t\t\t\t\t<li><i class=\"fas fa-star\"><\/i><\/li>\n\t\t\t\t\t\t\t<\/ul>\n\t\t<\/div>\n\t<\/a>\n\n<\/div>\n\n\n<div class=\"sb-grid-item sb-item-50 category-alkolsuz-icecekler \">\n\n\t<a data-elementor-open-lightbox=\"yes\" data-elementor-lightbox-title=\"Meyve Suyu \/ Fruit juice\" data-no-swup href=\"\" class=\"sb-menu-item sb-mb-30\">\n\t\t\t\t<div class=\"sb-card-tp\">\n\t\t\t<h4 class=\"sb-card-title\">Meyve Suyu \/ Fruit juice<\/h4>\n\t\t\t\t\t\t<div class=\"sb-price\">\n\t\t\t\t\t\t\t\t210\t\t\t\t<sub>\u20ba<\/sub>\t\t\t<\/div>\n\t\t\t\t\t<\/div>\n\t\t<div class=\"sb-description\">\n\t\t\t\t\t\t<ul class=\"sb-stars\" data-rating=\"5\">\n\t\t\t\t\t\t\t\t<li><i class=\"fas fa-star\"><\/i><\/li>\n\t\t\t\t\t\t\t\t<li><i class=\"fas fa-star\"><\/i><\/li>\n\t\t\t\t\t\t\t\t<li><i class=\"fas fa-star\"><\/i><\/li>\n\t\t\t\t\t\t\t\t<li><i class=\"fas fa-star\"><\/i><\/li>\n\t\t\t\t\t\t\t\t<li><i class=\"fas fa-star\"><\/i><\/li>\n\t\t\t\t\t\t\t\t<li><i class=\"fas fa-star\"><\/i><\/li>\n\t\t\t\t\t\t\t<\/ul>\n\t\t<\/div>\n\t<\/a>\n\n<\/div>\n\n\n<div class=\"sb-grid-item sb-item-50 category-alkolsuz-icecekler \">\n\n\t<a data-elementor-open-lightbox=\"yes\" data-elementor-lightbox-title=\"Redbull \/ Energy drink\" data-no-swup href=\"\" class=\"sb-menu-item sb-mb-30\">\n\t\t\t\t<div class=\"sb-card-tp\">\n\t\t\t<h4 class=\"sb-card-title\">Redbull \/ Energy drink<\/h4>\n\t\t\t\t\t\t<div class=\"sb-price\">\n\t\t\t\t\t\t\t\t250\t\t\t\t<sub>\u20ba<\/sub>\t\t\t<\/div>\n\t\t\t\t\t<\/div>\n\t\t<div class=\"sb-description\">\n\t\t\t\t\t\t<ul class=\"sb-stars\" data-rating=\"5\">\n\t\t\t\t\t\t\t\t<li><i class=\"fas fa-star\"><\/i><\/li>\n\t\t\t\t\t\t\t\t<li><i class=\"fas fa-star\"><\/i><\/li>\n\t\t\t\t\t\t\t\t<li><i class=\"fas fa-star\"><\/i><\/li>\n\t\t\t\t\t\t\t\t<li><i class=\"fas fa-star\"><\/i><\/li>\n\t\t\t\t\t\t\t\t<li><i class=\"fas fa-star\"><\/i><\/li>\n\t\t\t\t\t\t\t\t<li><i class=\"fas fa-star\"><\/i><\/li>\n\t\t\t\t\t\t\t<\/ul>\n\t\t<\/div>\n\t<\/a>\n\n<\/div>\n\n\n<div class=\"sb-grid-item sb-item-50 category-alkolsuz-icecekler \">\n\n\t<a data-elementor-open-lightbox=\"yes\" data-elementor-lightbox-title=\"S\u0131kma Portakal \/ Orange juice\" data-no-swup href=\"\" class=\"sb-menu-item sb-mb-30\">\n\t\t\t\t<div class=\"sb-card-tp\">\n\t\t\t<h4 class=\"sb-card-title\">S\u0131kma Portakal \/ Orange juice<\/h4>\n\t\t\t\t\t\t<div class=\"sb-price\">\n\t\t\t\t\t\t\t\t460\t\t\t\t<sub>\u20ba<\/sub>\t\t\t<\/div>\n\t\t\t\t\t<\/div>\n\t\t<div class=\"sb-description\">\n\t\t\t\t\t\t<ul class=\"sb-stars\" data-rating=\"5\">\n\t\t\t\t\t\t\t\t<li><i class=\"fas fa-star\"><\/i><\/li>\n\t\t\t\t\t\t\t\t<li><i class=\"fas fa-star\"><\/i><\/li>\n\t\t\t\t\t\t\t\t<li><i class=\"fas fa-star\"><\/i><\/li>\n\t\t\t\t\t\t\t\t<li><i class=\"fas fa-star\"><\/i><\/li>\n\t\t\t\t\t\t\t\t<li><i class=\"fas fa-star\"><\/i><\/li>\n\t\t\t\t\t\t\t\t<li><i class=\"fas fa-star\"><\/i><\/li>\n\t\t\t\t\t\t\t<\/ul>\n\t\t<\/div>\n\t<\/a>\n\n<\/div>\n\n\t\t\t\t<\/div>\n\n\t\t\t\t\n\t\t\t\t\n\t\t\t\t\n\t\t\t<\/div>\n\n\t\t<\/section>\n\n\t\t\t\t<\/div>\n\t\t\t\t<\/div>\n\t\t\t\t\t<\/div>\n\t\t<\/div>\n\t\t\t\t\t<\/div>\n\t\t<\/section>\n\t\t\t\t<\/div>\n\t\t","protected":false},"excerpt":{"rendered":"<p>Dragos Bal\u0131k Alkols\u00fcz \u0130\u00e7ecekler Men\u00fc Soda \/ Mineral water 125 \u20ba &nbsp; \u015ealgam \/ Black carrot juice 135 \u20ba &nbsp; Coca Cola \/ Soft drink 210 \u20ba &nbsp; Coca Cola.. <span class=\"sb-el-more\"><a href=\"https:\/\/www.dragosbalik.com\/tr\/restaurant\/item\/sikma-portakal-orange-juice\/\" class=\"sb-btn\"><span class=\"sb-icon\"><span class=\"sb-icon-arrow\"><\/span><\/span><span>Read more<\/span><\/a><\/span><\/p>\n","protected":false},"author":1,"featured_media":0,"parent":0,"menu_order":0,"comment_status":"closed","ping_status":"closed","template":"template-layout-builder.php","meta":{"_monsterinsights_skip_tracking":false,"_monsterinsights_sitenote_active":false,"_monsterinsights_sitenote_note":"","_monsterinsights_sitenote_category":0,"footnotes":""},"class_list":["post-2580","page","type-page","status-publish","hentry"],"acf":[],"aioseo_notices":[],"_links":{"self":[{"href":"https:\/\/www.dragosbalik.com\/tr\/wp-json\/wp\/v2\/pages\/2580","targetHints":{"allow":["GET"]}}],"collection":[{"href":"https:\/\/www.dragosbalik.com\/tr\/wp-json\/wp\/v2\/pages"}],"about":[{"href":"https:\/\/www.dragosbalik.com\/tr\/wp-json\/wp\/v2\/types\/page"}],"author":[{"embeddable":true,"href":"https:\/\/www.dragosbalik.com\/tr\/wp-json\/wp\/v2\/users\/1"}],"replies":[{"embeddable":true,"href":"https:\/\/www.dragosbalik.com\/tr\/wp-json\/wp\/v2\/comments?post=2580"}],"version-history":[{"count":9,"href":"https:\/\/www.dragosbalik.com\/tr\/wp-json\/wp\/v2\/pages\/2580\/revisions"}],"predecessor-version":[{"id":2690,"href":"https:\/\/www.dragosbalik.com\/tr\/wp-json\/wp\/v2\/pages\/2580\/revisions\/2690"}],"wp:attachment":[{"href":"https:\/\/www.dragosbalik.com\/tr\/wp-json\/wp\/v2\/media?parent=2580"}],"curies":[{"name":"wp","href":"https:\/\/api.w.org\/{rel}","templated":true}]}}