{"id":2572,"date":"2026-03-09T00:15:31","date_gmt":"2026-03-08T21:15:31","guid":{"rendered":"https:\/\/www.dragosbalik.com\/tr\/?page_id=2572"},"modified":"2026-03-09T00:50:25","modified_gmt":"2026-03-08T21:50:25","slug":"salata-menu","status":"publish","type":"page","link":"https:\/\/www.dragosbalik.com\/tr\/salata-menu\/","title":{"rendered":"Salata Men\u00fc"},"content":{"rendered":"\t\t<div data-elementor-type=\"wp-page\" data-elementor-id=\"2572\" class=\"elementor elementor-2572\">\n\t\t\t\t\t\t<section class=\"elementor-section elementor-top-section elementor-element elementor-element-2fd301f elementor-section-full_width elementor-section-height-default elementor-section-height-default\" data-id=\"2fd301f\" data-element_type=\"section\">\n\t\t\t\t\t\t<div class=\"elementor-container elementor-column-gap-no\">\n\t\t\t\t\t<div class=\"elementor-column elementor-col-100 elementor-top-column elementor-element elementor-element-277909de\" data-id=\"277909de\" data-element_type=\"column\">\n\t\t\t<div class=\"elementor-widget-wrap elementor-element-populated\">\n\t\t\t\t\t\t<div class=\"elementor-element elementor-element-d5e1fcb elementor-widget elementor-widget-starbelly-intro\" data-id=\"d5e1fcb\" data-element_type=\"widget\" data-widget_type=\"starbelly-intro.default\">\n\t\t\t\t<div class=\"elementor-widget-container\">\n\t\t\t\n\t\t<!-- banner -->\n\t\t<section class=\"sb-banner sb-banner-sm sb-banner-color\">\n\t\t\t<div class=\"container\">\n\t\t\t\t<div class=\"row\">\n\t\t\t\t\t<div class=\"col-lg-12\">\n\t\t\t\t\t\t<!-- main title -->\n\t\t\t\t\t\t<div class=\"sb-main-title-frame\">\n\t\t\t\t\t\t\t<div class=\"sb-main-title text-center\">\n\t\t\t\t\t\t\t\t\t\t\t\t\t\t\t\t<span class=\"sb-suptitle sb-mb-30\">\n\t\t\t\t\t\t\t\t\t<span >\n\t\t\t\t\t          Dragos Bal\u0131k\t\t\t\t\t        <\/span>\n\t\t\t\t\t\t\t\t<\/span>\n\t\t\t\t\t\t\t\t\t\t\t\t\t\t\t\t\t\t\t\t\t\t\t\t<h1 class=\"sb-title-el sb-mb-30\">\n\t\t\t\t\t\t\t\t\t<span >\n\t\t\t\t\t          Salata Men\u00fc\t\t\t\t\t        <\/span>\n\t\t\t\t\t\t\t\t<\/h1>\n\t\t\t\t\t\t\t\t\t\t\t\t\t\t\t\t\t\t\t\t\t\t\t\t\t\t\t\t\t\t\t<\/div>\n\t\t\t\t\t\t<\/div>\n\t\t\t\t\t\t<!-- main title end -->\n\t\t\t\t\t<\/div>\n\t\t\t\t<\/div>\n\t\t\t<\/div>\n\t\t<\/section>\n\t\t<!-- banner end -->\n\n\t\t\t\t<\/div>\n\t\t\t\t<\/div>\n\t\t\t\t\t<\/div>\n\t\t<\/div>\n\t\t\t\t\t<\/div>\n\t\t<\/section>\n\t\t\t\t<section class=\"elementor-section elementor-top-section elementor-element elementor-element-585d020f elementor-section-full_width elementor-section-height-default elementor-section-height-default\" data-id=\"585d020f\" data-element_type=\"section\">\n\t\t\t\t\t\t<div class=\"elementor-container elementor-column-gap-no\">\n\t\t\t\t\t<div class=\"elementor-column elementor-col-100 elementor-top-column elementor-element elementor-element-77f3d4f9\" data-id=\"77f3d4f9\" data-element_type=\"column\">\n\t\t\t<div class=\"elementor-widget-wrap elementor-element-populated\">\n\t\t\t\t\t\t<div class=\"elementor-element elementor-element-2df7f562 elementor-widget elementor-widget-starbelly-restaurant-menu-grid\" data-id=\"2df7f562\" data-element_type=\"widget\" data-widget_type=\"starbelly-restaurant-menu-grid.default\">\n\t\t\t\t<div class=\"elementor-widget-container\">\n\t\t\t\n\t\t<!-- menu section 1 -->\n\t\t<section class=\"sb-menu-section sb-p-90-60\">\n\t\t\t\t\t\t\t\t\t<div class=\"sb-bg-2\">\n\t\t\t<div><\/div>\n\t\t\t<\/div>\n\t\t\t\n\t\t\t<div class=\"container  attr-featured-false\">\n\t\t\t\t\n\t\t\t\t\n\t\t\t\t<div class=\"sb-masonry-grid\">\n\t\t\t\t\t<div class=\"sb-grid-sizer\"><\/div>\n\n\t\t\t\t\t\n\n<div class=\"sb-grid-item sb-item-50 category-salata \">\n\n\t<a data-elementor-open-lightbox=\"yes\" data-elementor-lightbox-title=\"\u00c7oban Salata \/ Stepherd&#8217;s salad\" data-no-swup href=\"\" class=\"sb-menu-item sb-mb-30\">\n\t\t\t\t<div class=\"sb-card-tp\">\n\t\t\t<h4 class=\"sb-card-title\">\u00c7oban Salata \/ Stepherd&#8217;s salad<\/h4>\n\t\t\t\t\t\t<div class=\"sb-price\">\n\t\t\t\t\t\t\t\t330\t\t\t\t<sub>\u20ba<\/sub>\t\t\t<\/div>\n\t\t\t\t\t<\/div>\n\t\t<div class=\"sb-description\">\n\t\t\t\t\t\t<ul class=\"sb-stars\" data-rating=\"5\">\n\t\t\t\t\t\t\t\t<li><i class=\"fas fa-star\"><\/i><\/li>\n\t\t\t\t\t\t\t\t<li><i class=\"fas fa-star\"><\/i><\/li>\n\t\t\t\t\t\t\t\t<li><i class=\"fas fa-star\"><\/i><\/li>\n\t\t\t\t\t\t\t\t<li><i class=\"fas fa-star\"><\/i><\/li>\n\t\t\t\t\t\t\t\t<li><i class=\"fas fa-star\"><\/i><\/li>\n\t\t\t\t\t\t\t\t<li><i class=\"fas fa-star\"><\/i><\/li>\n\t\t\t\t\t\t\t<\/ul>\n\t\t<\/div>\n\t<\/a>\n\n<\/div>\n\n\n<div class=\"sb-grid-item sb-item-50 category-salata \">\n\n\t<a data-elementor-open-lightbox=\"yes\" data-elementor-lightbox-title=\"Domates Salata \/ Tomato salad\" data-no-swup href=\"\" class=\"sb-menu-item sb-mb-30\">\n\t\t\t\t<div class=\"sb-card-tp\">\n\t\t\t<h4 class=\"sb-card-title\">Domates Salata \/ Tomato salad<\/h4>\n\t\t\t\t\t\t<div class=\"sb-price\">\n\t\t\t\t\t\t\t\t330\t\t\t\t<sub>\u20ba<\/sub>\t\t\t<\/div>\n\t\t\t\t\t<\/div>\n\t\t<div class=\"sb-description\">\n\t\t\t\t\t\t<ul class=\"sb-stars\" data-rating=\"5\">\n\t\t\t\t\t\t\t\t<li><i class=\"fas fa-star\"><\/i><\/li>\n\t\t\t\t\t\t\t\t<li><i class=\"fas fa-star\"><\/i><\/li>\n\t\t\t\t\t\t\t\t<li><i class=\"fas fa-star\"><\/i><\/li>\n\t\t\t\t\t\t\t\t<li><i class=\"fas fa-star\"><\/i><\/li>\n\t\t\t\t\t\t\t\t<li><i class=\"fas fa-star\"><\/i><\/li>\n\t\t\t\t\t\t\t\t<li><i class=\"fas fa-star\"><\/i><\/li>\n\t\t\t\t\t\t\t<\/ul>\n\t\t<\/div>\n\t<\/a>\n\n<\/div>\n\n\n<div class=\"sb-grid-item sb-item-50 category-salata \">\n\n\t<a data-elementor-open-lightbox=\"yes\" data-elementor-lightbox-title=\"G\u00f6bek Salata \/ Lettuce salad\" data-no-swup href=\"\" class=\"sb-menu-item sb-mb-30\">\n\t\t\t\t<div class=\"sb-card-tp\">\n\t\t\t<h4 class=\"sb-card-title\">G\u00f6bek Salata \/ Lettuce salad<\/h4>\n\t\t\t\t\t\t<div class=\"sb-price\">\n\t\t\t\t\t\t\t\t330\t\t\t\t<sub>\u20ba<\/sub>\t\t\t<\/div>\n\t\t\t\t\t<\/div>\n\t\t<div class=\"sb-description\">\n\t\t\t\t\t\t<ul class=\"sb-stars\" data-rating=\"5\">\n\t\t\t\t\t\t\t\t<li><i class=\"fas fa-star\"><\/i><\/li>\n\t\t\t\t\t\t\t\t<li><i class=\"fas fa-star\"><\/i><\/li>\n\t\t\t\t\t\t\t\t<li><i class=\"fas fa-star\"><\/i><\/li>\n\t\t\t\t\t\t\t\t<li><i class=\"fas fa-star\"><\/i><\/li>\n\t\t\t\t\t\t\t\t<li><i class=\"fas fa-star\"><\/i><\/li>\n\t\t\t\t\t\t\t\t<li><i class=\"fas fa-star\"><\/i><\/li>\n\t\t\t\t\t\t\t<\/ul>\n\t\t<\/div>\n\t<\/a>\n\n<\/div>\n\n\n<div class=\"sb-grid-item sb-item-50 category-salata \">\n\n\t<a data-elementor-open-lightbox=\"yes\" data-elementor-lightbox-title=\"Ka\u015f\u0131k Salata\" data-no-swup href=\"\" class=\"sb-menu-item sb-mb-30\">\n\t\t\t\t<div class=\"sb-card-tp\">\n\t\t\t<h4 class=\"sb-card-title\">Ka\u015f\u0131k Salata<\/h4>\n\t\t\t\t\t\t<div class=\"sb-price\">\n\t\t\t\t\t\t\t\t330\t\t\t\t<sub>\u20ba<\/sub>\t\t\t<\/div>\n\t\t\t\t\t<\/div>\n\t\t<div class=\"sb-description\">\n\t\t\t\t\t\t<ul class=\"sb-stars\" data-rating=\"5\">\n\t\t\t\t\t\t\t\t<li><i class=\"fas fa-star\"><\/i><\/li>\n\t\t\t\t\t\t\t\t<li><i class=\"fas fa-star\"><\/i><\/li>\n\t\t\t\t\t\t\t\t<li><i class=\"fas fa-star\"><\/i><\/li>\n\t\t\t\t\t\t\t\t<li><i class=\"fas fa-star\"><\/i><\/li>\n\t\t\t\t\t\t\t\t<li><i class=\"fas fa-star\"><\/i><\/li>\n\t\t\t\t\t\t\t\t<li><i class=\"fas fa-star\"><\/i><\/li>\n\t\t\t\t\t\t\t<\/ul>\n\t\t<\/div>\n\t<\/a>\n\n<\/div>\n\n\n<div class=\"sb-grid-item sb-item-50 category-salata \">\n\n\t<a data-elementor-open-lightbox=\"yes\" data-elementor-lightbox-title=\"Peynirli Mevsim \/ Season salad with cheese\" data-no-swup href=\"\" class=\"sb-menu-item sb-mb-30\">\n\t\t\t\t<div class=\"sb-card-tp\">\n\t\t\t<h4 class=\"sb-card-title\">Peynirli Mevsim \/ Season salad with cheese<\/h4>\n\t\t\t\t\t\t<div class=\"sb-price\">\n\t\t\t\t\t\t\t\t330\t\t\t\t<sub>\u20ba<\/sub>\t\t\t<\/div>\n\t\t\t\t\t<\/div>\n\t\t<div class=\"sb-description\">\n\t\t\t\t\t\t<ul class=\"sb-stars\" data-rating=\"5\">\n\t\t\t\t\t\t\t\t<li><i class=\"fas fa-star\"><\/i><\/li>\n\t\t\t\t\t\t\t\t<li><i class=\"fas fa-star\"><\/i><\/li>\n\t\t\t\t\t\t\t\t<li><i class=\"fas fa-star\"><\/i><\/li>\n\t\t\t\t\t\t\t\t<li><i class=\"fas fa-star\"><\/i><\/li>\n\t\t\t\t\t\t\t\t<li><i class=\"fas fa-star\"><\/i><\/li>\n\t\t\t\t\t\t\t\t<li><i class=\"fas fa-star\"><\/i><\/li>\n\t\t\t\t\t\t\t<\/ul>\n\t\t<\/div>\n\t<\/a>\n\n<\/div>\n\n\n<div class=\"sb-grid-item sb-item-50 category-salata \">\n\n\t<a data-elementor-open-lightbox=\"yes\" data-elementor-lightbox-title=\"Mevsim Salata \/ Season salad\" data-no-swup href=\"\" class=\"sb-menu-item sb-mb-30\">\n\t\t\t\t<div class=\"sb-card-tp\">\n\t\t\t<h4 class=\"sb-card-title\">Mevsim Salata \/ Season salad<\/h4>\n\t\t\t\t\t\t<div class=\"sb-price\">\n\t\t\t\t\t\t\t\t330\t\t\t\t<sub>\u20ba<\/sub>\t\t\t<\/div>\n\t\t\t\t\t<\/div>\n\t\t<div class=\"sb-description\">\n\t\t\t\t\t\t<ul class=\"sb-stars\" data-rating=\"5\">\n\t\t\t\t\t\t\t\t<li><i class=\"fas fa-star\"><\/i><\/li>\n\t\t\t\t\t\t\t\t<li><i class=\"fas fa-star\"><\/i><\/li>\n\t\t\t\t\t\t\t\t<li><i class=\"fas fa-star\"><\/i><\/li>\n\t\t\t\t\t\t\t\t<li><i class=\"fas fa-star\"><\/i><\/li>\n\t\t\t\t\t\t\t\t<li><i class=\"fas fa-star\"><\/i><\/li>\n\t\t\t\t\t\t\t\t<li><i class=\"fas fa-star\"><\/i><\/li>\n\t\t\t\t\t\t\t<\/ul>\n\t\t<\/div>\n\t<\/a>\n\n<\/div>\n\n\n<div class=\"sb-grid-item sb-item-50 category-salata \">\n\n\t<a data-elementor-open-lightbox=\"yes\" data-elementor-lightbox-title=\"Peynirli Roka \/ Rocket salad with cheese\" data-no-swup href=\"\" class=\"sb-menu-item sb-mb-30\">\n\t\t\t\t<div class=\"sb-card-tp\">\n\t\t\t<h4 class=\"sb-card-title\">Peynirli Roka \/ Rocket salad with cheese<\/h4>\n\t\t\t\t\t\t<div class=\"sb-price\">\n\t\t\t\t\t\t\t\t330\t\t\t\t<sub>\u20ba<\/sub>\t\t\t<\/div>\n\t\t\t\t\t<\/div>\n\t\t<div class=\"sb-description\">\n\t\t\t\t\t\t<ul class=\"sb-stars\" data-rating=\"5\">\n\t\t\t\t\t\t\t\t<li><i class=\"fas fa-star\"><\/i><\/li>\n\t\t\t\t\t\t\t\t<li><i class=\"fas fa-star\"><\/i><\/li>\n\t\t\t\t\t\t\t\t<li><i class=\"fas fa-star\"><\/i><\/li>\n\t\t\t\t\t\t\t\t<li><i class=\"fas fa-star\"><\/i><\/li>\n\t\t\t\t\t\t\t\t<li><i class=\"fas fa-star\"><\/i><\/li>\n\t\t\t\t\t\t\t\t<li><i class=\"fas fa-star\"><\/i><\/li>\n\t\t\t\t\t\t\t<\/ul>\n\t\t<\/div>\n\t<\/a>\n\n<\/div>\n\n\n<div class=\"sb-grid-item sb-item-50 category-salata \">\n\n\t<a data-elementor-open-lightbox=\"yes\" data-elementor-lightbox-title=\"Roka Salata \/ Rocket salad\" data-no-swup href=\"\" class=\"sb-menu-item sb-mb-30\">\n\t\t\t\t<div class=\"sb-card-tp\">\n\t\t\t<h4 class=\"sb-card-title\">Roka Salata \/ Rocket salad<\/h4>\n\t\t\t\t\t\t<div class=\"sb-price\">\n\t\t\t\t\t\t\t\t330\t\t\t\t<sub>\u20ba<\/sub>\t\t\t<\/div>\n\t\t\t\t\t<\/div>\n\t\t<div class=\"sb-description\">\n\t\t\t\t\t\t<ul class=\"sb-stars\" data-rating=\"5\">\n\t\t\t\t\t\t\t\t<li><i class=\"fas fa-star\"><\/i><\/li>\n\t\t\t\t\t\t\t\t<li><i class=\"fas fa-star\"><\/i><\/li>\n\t\t\t\t\t\t\t\t<li><i class=\"fas fa-star\"><\/i><\/li>\n\t\t\t\t\t\t\t\t<li><i class=\"fas fa-star\"><\/i><\/li>\n\t\t\t\t\t\t\t\t<li><i class=\"fas fa-star\"><\/i><\/li>\n\t\t\t\t\t\t\t\t<li><i class=\"fas fa-star\"><\/i><\/li>\n\t\t\t\t\t\t\t<\/ul>\n\t\t<\/div>\n\t<\/a>\n\n<\/div>\n\n\n<div class=\"sb-grid-item sb-item-50 category-salata \">\n\n\t<a data-elementor-open-lightbox=\"yes\" data-elementor-lightbox-title=\"S\u00f6\u011f\u00fc\u015f Salata\" data-no-swup href=\"\" class=\"sb-menu-item sb-mb-30\">\n\t\t\t\t<div class=\"sb-card-tp\">\n\t\t\t<h4 class=\"sb-card-title\">S\u00f6\u011f\u00fc\u015f Salata<\/h4>\n\t\t\t\t\t\t<div class=\"sb-price\">\n\t\t\t\t\t\t\t\t330\t\t\t\t<sub>\u20ba<\/sub>\t\t\t<\/div>\n\t\t\t\t\t<\/div>\n\t\t<div class=\"sb-description\">\n\t\t\t\t\t\t<ul class=\"sb-stars\" data-rating=\"5\">\n\t\t\t\t\t\t\t\t<li><i class=\"fas fa-star\"><\/i><\/li>\n\t\t\t\t\t\t\t\t<li><i class=\"fas fa-star\"><\/i><\/li>\n\t\t\t\t\t\t\t\t<li><i class=\"fas fa-star\"><\/i><\/li>\n\t\t\t\t\t\t\t\t<li><i class=\"fas fa-star\"><\/i><\/li>\n\t\t\t\t\t\t\t\t<li><i class=\"fas fa-star\"><\/i><\/li>\n\t\t\t\t\t\t\t\t<li><i class=\"fas fa-star\"><\/i><\/li>\n\t\t\t\t\t\t\t<\/ul>\n\t\t<\/div>\n\t<\/a>\n\n<\/div>\n\n\t\t\t\t<\/div>\n\n\t\t\t\t\n\t\t\t\t\n\t\t\t\t\n\t\t\t<\/div>\n\n\t\t<\/section>\n\n\t\t\t\t<\/div>\n\t\t\t\t<\/div>\n\t\t\t\t\t<\/div>\n\t\t<\/div>\n\t\t\t\t\t<\/div>\n\t\t<\/section>\n\t\t\t\t<\/div>\n\t\t","protected":false},"excerpt":{"rendered":"<p>Dragos Bal\u0131k Salata Men\u00fc \u00c7oban Salata \/ Stepherd&#8217;s salad 330 \u20ba Domates Salata \/ Tomato salad 330 \u20ba G\u00f6bek Salata \/ Lettuce salad 330 \u20ba Ka\u015f\u0131k Salata 330 \u20ba Peynirli.. <span class=\"sb-el-more\"><a href=\"https:\/\/www.dragosbalik.com\/tr\/restaurant\/item\/sogus-salata\/\" class=\"sb-btn\"><span class=\"sb-icon\"><span class=\"sb-icon-arrow\"><\/span><\/span><span>Read more<\/span><\/a><\/span><\/p>\n","protected":false},"author":1,"featured_media":0,"parent":0,"menu_order":0,"comment_status":"closed","ping_status":"closed","template":"template-layout-builder.php","meta":{"_monsterinsights_skip_tracking":false,"_monsterinsights_sitenote_active":false,"_monsterinsights_sitenote_note":"","_monsterinsights_sitenote_category":0,"footnotes":""},"class_list":["post-2572","page","type-page","status-publish","hentry"],"acf":[],"aioseo_notices":[],"_links":{"self":[{"href":"https:\/\/www.dragosbalik.com\/tr\/wp-json\/wp\/v2\/pages\/2572","targetHints":{"allow":["GET"]}}],"collection":[{"href":"https:\/\/www.dragosbalik.com\/tr\/wp-json\/wp\/v2\/pages"}],"about":[{"href":"https:\/\/www.dragosbalik.com\/tr\/wp-json\/wp\/v2\/types\/page"}],"author":[{"embeddable":true,"href":"https:\/\/www.dragosbalik.com\/tr\/wp-json\/wp\/v2\/users\/1"}],"replies":[{"embeddable":true,"href":"https:\/\/www.dragosbalik.com\/tr\/wp-json\/wp\/v2\/comments?post=2572"}],"version-history":[{"count":14,"href":"https:\/\/www.dragosbalik.com\/tr\/wp-json\/wp\/v2\/pages\/2572\/revisions"}],"predecessor-version":[{"id":2666,"href":"https:\/\/www.dragosbalik.com\/tr\/wp-json\/wp\/v2\/pages\/2572\/revisions\/2666"}],"wp:attachment":[{"href":"https:\/\/www.dragosbalik.com\/tr\/wp-json\/wp\/v2\/media?parent=2572"}],"curies":[{"name":"wp","href":"https:\/\/api.w.org\/{rel}","templated":true}]}}