{"id":2247,"date":"2026-03-06T00:44:02","date_gmt":"2026-03-05T21:44:02","guid":{"rendered":"https:\/\/www.dragosbalik.com\/tr\/?page_id=2247"},"modified":"2026-03-09T00:18:13","modified_gmt":"2026-03-08T21:18:13","slug":"tatli-menu","status":"publish","type":"page","link":"https:\/\/www.dragosbalik.com\/tr\/tatli-menu\/","title":{"rendered":"Tatl\u0131 Men\u00fc"},"content":{"rendered":"\t\t<div data-elementor-type=\"wp-page\" data-elementor-id=\"2247\" class=\"elementor elementor-2247\">\n\t\t\t\t\t\t<section class=\"elementor-section elementor-top-section elementor-element elementor-element-ef755da elementor-section-full_width elementor-section-height-default elementor-section-height-default\" data-id=\"ef755da\" data-element_type=\"section\">\n\t\t\t\t\t\t<div class=\"elementor-container elementor-column-gap-no\">\n\t\t\t\t\t<div class=\"elementor-column elementor-col-100 elementor-top-column elementor-element elementor-element-783298f\" data-id=\"783298f\" data-element_type=\"column\">\n\t\t\t<div class=\"elementor-widget-wrap elementor-element-populated\">\n\t\t\t\t\t\t<div class=\"elementor-element elementor-element-5e2e403 elementor-widget elementor-widget-starbelly-intro\" data-id=\"5e2e403\" data-element_type=\"widget\" data-widget_type=\"starbelly-intro.default\">\n\t\t\t\t<div class=\"elementor-widget-container\">\n\t\t\t\n\t\t<!-- banner -->\n\t\t<section class=\"sb-banner sb-banner-sm sb-banner-color\">\n\t\t\t<div class=\"container\">\n\t\t\t\t<div class=\"row\">\n\t\t\t\t\t<div class=\"col-lg-12\">\n\t\t\t\t\t\t<!-- main title -->\n\t\t\t\t\t\t<div class=\"sb-main-title-frame\">\n\t\t\t\t\t\t\t<div class=\"sb-main-title text-center\">\n\t\t\t\t\t\t\t\t\t\t\t\t\t\t\t\t<span class=\"sb-suptitle sb-mb-30\">\n\t\t\t\t\t\t\t\t\t<span >\n\t\t\t\t\t          Dragos Bal\u0131k\t\t\t\t\t        <\/span>\n\t\t\t\t\t\t\t\t<\/span>\n\t\t\t\t\t\t\t\t\t\t\t\t\t\t\t\t\t\t\t\t\t\t\t\t<h1 class=\"sb-title-el sb-mb-30\">\n\t\t\t\t\t\t\t\t\t<span >\n\t\t\t\t\t          Tatl\u0131 Men\u00fc\t\t\t\t\t        <\/span>\n\t\t\t\t\t\t\t\t<\/h1>\n\t\t\t\t\t\t\t\t\t\t\t\t\t\t\t\t\t\t\t\t\t\t\t\t\t\t\t\t\t\t\t<\/div>\n\t\t\t\t\t\t<\/div>\n\t\t\t\t\t\t<!-- main title end -->\n\t\t\t\t\t<\/div>\n\t\t\t\t<\/div>\n\t\t\t<\/div>\n\t\t<\/section>\n\t\t<!-- banner end -->\n\n\t\t\t\t<\/div>\n\t\t\t\t<\/div>\n\t\t\t\t\t<\/div>\n\t\t<\/div>\n\t\t\t\t\t<\/div>\n\t\t<\/section>\n\t\t\t\t<section class=\"elementor-section elementor-top-section elementor-element elementor-element-30cb37b elementor-section-full_width elementor-section-height-default elementor-section-height-default\" data-id=\"30cb37b\" data-element_type=\"section\">\n\t\t\t\t\t\t<div class=\"elementor-container elementor-column-gap-no\">\n\t\t\t\t\t<div class=\"elementor-column elementor-col-100 elementor-top-column elementor-element elementor-element-c160d8a\" data-id=\"c160d8a\" data-element_type=\"column\">\n\t\t\t<div class=\"elementor-widget-wrap elementor-element-populated\">\n\t\t\t\t\t\t<div class=\"elementor-element elementor-element-32a3dab elementor-widget elementor-widget-starbelly-restaurant-menu-grid\" data-id=\"32a3dab\" data-element_type=\"widget\" data-widget_type=\"starbelly-restaurant-menu-grid.default\">\n\t\t\t\t<div class=\"elementor-widget-container\">\n\t\t\t\n\t\t<!-- menu section 1 -->\n\t\t<section class=\"sb-menu-section sb-p-90-60\">\n\t\t\t\t\t\t\t\t\t<div class=\"sb-bg-2\">\n\t\t\t<div><\/div>\n\t\t\t<\/div>\n\t\t\t\n\t\t\t<div class=\"container  attr-featured-false\">\n\t\t\t\t\n\t\t\t\t\n\t\t\t\t<div class=\"sb-masonry-grid\">\n\t\t\t\t\t<div class=\"sb-grid-sizer\"><\/div>\n\n\t\t\t\t\t\n\n<div class=\"sb-grid-item sb-item-50 category-tatli \">\n\n\t<a data-elementor-open-lightbox=\"yes\" data-elementor-lightbox-title=\"Dondurmal\u0131 \u0130rmik \/ Semolina Dessert With Ice Cream\" data-no-swup href=\"\" class=\"sb-menu-item sb-mb-30\">\n\t\t\t\t<div class=\"sb-card-tp\">\n\t\t\t<h4 class=\"sb-card-title\">Dondurmal\u0131 \u0130rmik \/ Semolina Dessert With Ice Cream<\/h4>\n\t\t\t\t\t\t<div class=\"sb-price\">\n\t\t\t\t\t\t\t\t505\t\t\t\t<sub>\u20ba<\/sub>\t\t\t<\/div>\n\t\t\t\t\t<\/div>\n\t\t<div class=\"sb-description\">\n\t\t\t\t\t\t<ul class=\"sb-stars\" data-rating=\"5\">\n\t\t\t\t\t\t\t\t<li><i class=\"fas fa-star\"><\/i><\/li>\n\t\t\t\t\t\t\t\t<li><i class=\"fas fa-star\"><\/i><\/li>\n\t\t\t\t\t\t\t\t<li><i class=\"fas fa-star\"><\/i><\/li>\n\t\t\t\t\t\t\t\t<li><i class=\"fas fa-star\"><\/i><\/li>\n\t\t\t\t\t\t\t\t<li><i class=\"fas fa-star\"><\/i><\/li>\n\t\t\t\t\t\t\t\t<li><i class=\"fas fa-star\"><\/i><\/li>\n\t\t\t\t\t\t\t<\/ul>\n\t\t<\/div>\n\t<\/a>\n\n<\/div>\n\n\n<div class=\"sb-grid-item sb-item-50 category-tatli \">\n\n\t<a data-elementor-open-lightbox=\"yes\" data-elementor-lightbox-title=\"F\u0131r\u0131n Helva \/ Halva\" data-no-swup href=\"\" class=\"sb-menu-item sb-mb-30\">\n\t\t\t\t<div class=\"sb-card-tp\">\n\t\t\t<h4 class=\"sb-card-title\">F\u0131r\u0131n Helva \/ Halva<\/h4>\n\t\t\t\t\t\t<div class=\"sb-price\">\n\t\t\t\t\t\t\t\t505\t\t\t\t<sub>\u20ba<\/sub>\t\t\t<\/div>\n\t\t\t\t\t<\/div>\n\t\t<div class=\"sb-description\">\n\t\t\t\t\t\t<ul class=\"sb-stars\" data-rating=\"5\">\n\t\t\t\t\t\t\t\t<li><i class=\"fas fa-star\"><\/i><\/li>\n\t\t\t\t\t\t\t\t<li><i class=\"fas fa-star\"><\/i><\/li>\n\t\t\t\t\t\t\t\t<li><i class=\"fas fa-star\"><\/i><\/li>\n\t\t\t\t\t\t\t\t<li><i class=\"fas fa-star\"><\/i><\/li>\n\t\t\t\t\t\t\t\t<li><i class=\"fas fa-star\"><\/i><\/li>\n\t\t\t\t\t\t\t\t<li><i class=\"fas fa-star\"><\/i><\/li>\n\t\t\t\t\t\t\t<\/ul>\n\t\t<\/div>\n\t<\/a>\n\n<\/div>\n\n\n<div class=\"sb-grid-item sb-item-50 category-tatli \">\n\n\t<a data-elementor-open-lightbox=\"yes\" data-elementor-lightbox-title=\"Dondurma \/ Ice Cream\" data-no-swup href=\"\" class=\"sb-menu-item sb-mb-30\">\n\t\t\t\t<div class=\"sb-card-tp\">\n\t\t\t<h4 class=\"sb-card-title\">Dondurma \/ Ice Cream<\/h4>\n\t\t\t\t\t\t<div class=\"sb-price\">\n\t\t\t\t\t\t\t\t165\t\t\t\t<sub>\u20ba<\/sub>\t\t\t<\/div>\n\t\t\t\t\t<\/div>\n\t\t<div class=\"sb-description\">\n\t\t\t\t\t\t<ul class=\"sb-stars\" data-rating=\"5\">\n\t\t\t\t\t\t\t\t<li><i class=\"fas fa-star\"><\/i><\/li>\n\t\t\t\t\t\t\t\t<li><i class=\"fas fa-star\"><\/i><\/li>\n\t\t\t\t\t\t\t\t<li><i class=\"fas fa-star\"><\/i><\/li>\n\t\t\t\t\t\t\t\t<li><i class=\"fas fa-star\"><\/i><\/li>\n\t\t\t\t\t\t\t\t<li><i class=\"fas fa-star\"><\/i><\/li>\n\t\t\t\t\t\t\t\t<li><i class=\"fas fa-star\"><\/i><\/li>\n\t\t\t\t\t\t\t<\/ul>\n\t\t<\/div>\n\t<\/a>\n\n<\/div>\n\n\n<div class=\"sb-grid-item sb-item-50 category-tatli \">\n\n\t<a data-elementor-open-lightbox=\"yes\" data-elementor-lightbox-title=\"Volkanik \/ Volkanik\" data-no-swup href=\"\" class=\"sb-menu-item sb-mb-30\">\n\t\t\t\t<div class=\"sb-card-tp\">\n\t\t\t<h4 class=\"sb-card-title\">Volkanik \/ Volkanik<\/h4>\n\t\t\t\t\t\t<div class=\"sb-price\">\n\t\t\t\t\t\t\t\t440\t\t\t\t<sub>\u20ba<\/sub>\t\t\t<\/div>\n\t\t\t\t\t<\/div>\n\t\t<div class=\"sb-description\">\n\t\t\t\t\t\t<ul class=\"sb-stars\" data-rating=\"5\">\n\t\t\t\t\t\t\t\t<li><i class=\"fas fa-star\"><\/i><\/li>\n\t\t\t\t\t\t\t\t<li><i class=\"fas fa-star\"><\/i><\/li>\n\t\t\t\t\t\t\t\t<li><i class=\"fas fa-star\"><\/i><\/li>\n\t\t\t\t\t\t\t\t<li><i class=\"fas fa-star\"><\/i><\/li>\n\t\t\t\t\t\t\t\t<li><i class=\"fas fa-star\"><\/i><\/li>\n\t\t\t\t\t\t\t\t<li><i class=\"fas fa-star\"><\/i><\/li>\n\t\t\t\t\t\t\t<\/ul>\n\t\t<\/div>\n\t<\/a>\n\n<\/div>\n\n\n<div class=\"sb-grid-item sb-item-50 category-tatli \">\n\n\t<a data-elementor-open-lightbox=\"yes\" data-elementor-lightbox-title=\"S\u0131cak Cevizli Baklava\" data-no-swup href=\"\" class=\"sb-menu-item sb-mb-30\">\n\t\t\t\t<div class=\"sb-card-tp\">\n\t\t\t<h4 class=\"sb-card-title\">S\u0131cak Cevizli Baklava<\/h4>\n\t\t\t\t\t<\/div>\n\t\t<div class=\"sb-description\">\n\t\t\t\t\t\t<ul class=\"sb-stars\" data-rating=\"5\">\n\t\t\t\t\t\t\t\t<li><i class=\"fas fa-star\"><\/i><\/li>\n\t\t\t\t\t\t\t\t<li><i class=\"fas fa-star\"><\/i><\/li>\n\t\t\t\t\t\t\t\t<li><i class=\"fas fa-star\"><\/i><\/li>\n\t\t\t\t\t\t\t\t<li><i class=\"fas fa-star\"><\/i><\/li>\n\t\t\t\t\t\t\t\t<li><i class=\"fas fa-star\"><\/i><\/li>\n\t\t\t\t\t\t\t\t<li><i class=\"fas fa-star\"><\/i><\/li>\n\t\t\t\t\t\t\t<\/ul>\n\t\t<\/div>\n\t<\/a>\n\n<\/div>\n\n\n<div class=\"sb-grid-item sb-item-50 category-tatli \">\n\n\t<a data-elementor-open-lightbox=\"yes\" data-elementor-lightbox-title=\"Ekmek Kaday\u0131f\u0131 \/ Crumpets in Thick Syrup\" data-no-swup href=\"\" class=\"sb-menu-item sb-mb-30\">\n\t\t\t\t<div class=\"sb-card-tp\">\n\t\t\t<h4 class=\"sb-card-title\">Ekmek Kaday\u0131f\u0131 \/ Crumpets in Thick Syrup<\/h4>\n\t\t\t\t\t\t<div class=\"sb-price\">\n\t\t\t\t\t\t\t\t440\t\t\t\t<sub>\u20ba<\/sub>\t\t\t<\/div>\n\t\t\t\t\t<\/div>\n\t\t<div class=\"sb-description\">\n\t\t\t\t\t\t<ul class=\"sb-stars\" data-rating=\"5\">\n\t\t\t\t\t\t\t\t<li><i class=\"fas fa-star\"><\/i><\/li>\n\t\t\t\t\t\t\t\t<li><i class=\"fas fa-star\"><\/i><\/li>\n\t\t\t\t\t\t\t\t<li><i class=\"fas fa-star\"><\/i><\/li>\n\t\t\t\t\t\t\t\t<li><i class=\"fas fa-star\"><\/i><\/li>\n\t\t\t\t\t\t\t\t<li><i class=\"fas fa-star\"><\/i><\/li>\n\t\t\t\t\t\t\t\t<li><i class=\"fas fa-star\"><\/i><\/li>\n\t\t\t\t\t\t\t<\/ul>\n\t\t<\/div>\n\t<\/a>\n\n<\/div>\n\n\n<div class=\"sb-grid-item sb-item-50 category-tatli \">\n\n\t<a data-elementor-open-lightbox=\"yes\" data-elementor-lightbox-title=\"Helva \/ Halva\" data-no-swup href=\"\" class=\"sb-menu-item sb-mb-30\">\n\t\t\t\t<div class=\"sb-card-tp\">\n\t\t\t<h4 class=\"sb-card-title\">Helva \/ Halva<\/h4>\n\t\t\t\t\t\t<div class=\"sb-price\">\n\t\t\t\t\t\t\t\t275\t\t\t\t<sub>\u20ba<\/sub>\t\t\t<\/div>\n\t\t\t\t\t<\/div>\n\t\t<div class=\"sb-description\">\n\t\t\t\t\t\t<ul class=\"sb-stars\" data-rating=\"5\">\n\t\t\t\t\t\t\t\t<li><i class=\"fas fa-star\"><\/i><\/li>\n\t\t\t\t\t\t\t\t<li><i class=\"fas fa-star\"><\/i><\/li>\n\t\t\t\t\t\t\t\t<li><i class=\"fas fa-star\"><\/i><\/li>\n\t\t\t\t\t\t\t\t<li><i class=\"fas fa-star\"><\/i><\/li>\n\t\t\t\t\t\t\t\t<li><i class=\"fas fa-star\"><\/i><\/li>\n\t\t\t\t\t\t\t\t<li><i class=\"fas fa-star\"><\/i><\/li>\n\t\t\t\t\t\t\t<\/ul>\n\t\t<\/div>\n\t<\/a>\n\n<\/div>\n\n\n<div class=\"sb-grid-item sb-item-50 category-tatli \">\n\n\t<a data-elementor-open-lightbox=\"yes\" data-elementor-lightbox-title=\"\u0130ncir Tatl\u0131s\u0131 \/ Fig Dessert\" data-no-swup href=\"\" class=\"sb-menu-item sb-mb-30\">\n\t\t\t\t<div class=\"sb-card-tp\">\n\t\t\t<h4 class=\"sb-card-title\">\u0130ncir Tatl\u0131s\u0131 \/ Fig Dessert<\/h4>\n\t\t\t\t\t\t<div class=\"sb-price\">\n\t\t\t\t\t\t\t\t515\t\t\t\t<sub>\u20ba<\/sub>\t\t\t<\/div>\n\t\t\t\t\t<\/div>\n\t\t<div class=\"sb-description\">\n\t\t\t\t\t\t<ul class=\"sb-stars\" data-rating=\"5\">\n\t\t\t\t\t\t\t\t<li><i class=\"fas fa-star\"><\/i><\/li>\n\t\t\t\t\t\t\t\t<li><i class=\"fas fa-star\"><\/i><\/li>\n\t\t\t\t\t\t\t\t<li><i class=\"fas fa-star\"><\/i><\/li>\n\t\t\t\t\t\t\t\t<li><i class=\"fas fa-star\"><\/i><\/li>\n\t\t\t\t\t\t\t\t<li><i class=\"fas fa-star\"><\/i><\/li>\n\t\t\t\t\t\t\t\t<li><i class=\"fas fa-star\"><\/i><\/li>\n\t\t\t\t\t\t\t<\/ul>\n\t\t<\/div>\n\t<\/a>\n\n<\/div>\n\n\n<div class=\"sb-grid-item sb-item-50 category-tatli \">\n\n\t<a data-elementor-open-lightbox=\"yes\" data-elementor-lightbox-title=\"Ayva Tatl\u0131s\u0131 \/ Oven Baked Quince\" data-no-swup href=\"\" class=\"sb-menu-item sb-mb-30\">\n\t\t\t\t<div class=\"sb-card-tp\">\n\t\t\t<h4 class=\"sb-card-title\">Ayva Tatl\u0131s\u0131 \/ Oven Baked Quince<\/h4>\n\t\t\t\t\t\t<div class=\"sb-price\">\n\t\t\t\t\t\t\t\t440\t\t\t\t<sub>\u20ba<\/sub>\t\t\t<\/div>\n\t\t\t\t\t<\/div>\n\t\t<div class=\"sb-description\">\n\t\t\t\t\t\t<ul class=\"sb-stars\" data-rating=\"5\">\n\t\t\t\t\t\t\t\t<li><i class=\"fas fa-star\"><\/i><\/li>\n\t\t\t\t\t\t\t\t<li><i class=\"fas fa-star\"><\/i><\/li>\n\t\t\t\t\t\t\t\t<li><i class=\"fas fa-star\"><\/i><\/li>\n\t\t\t\t\t\t\t\t<li><i class=\"fas fa-star\"><\/i><\/li>\n\t\t\t\t\t\t\t\t<li><i class=\"fas fa-star\"><\/i><\/li>\n\t\t\t\t\t\t\t\t<li><i class=\"fas fa-star\"><\/i><\/li>\n\t\t\t\t\t\t\t<\/ul>\n\t\t<\/div>\n\t<\/a>\n\n<\/div>\n\n\n<div class=\"sb-grid-item sb-item-50 category-tatli \">\n\n\t<a data-elementor-open-lightbox=\"yes\" data-elementor-lightbox-title=\"Kabak Tatl\u0131s\u0131 \/ Pumpkin With Syrup And Walnuts\" data-no-swup href=\"\" class=\"sb-menu-item sb-mb-30\">\n\t\t\t\t<div class=\"sb-card-tp\">\n\t\t\t<h4 class=\"sb-card-title\">Kabak Tatl\u0131s\u0131 \/ Pumpkin With Syrup And Walnuts<\/h4>\n\t\t\t\t\t\t<div class=\"sb-price\">\n\t\t\t\t\t\t\t\t425\t\t\t\t<sub>\u20ba<\/sub>\t\t\t<\/div>\n\t\t\t\t\t<\/div>\n\t\t<div class=\"sb-description\">\n\t\t\t\t\t\t<ul class=\"sb-stars\" data-rating=\"5\">\n\t\t\t\t\t\t\t\t<li><i class=\"fas fa-star\"><\/i><\/li>\n\t\t\t\t\t\t\t\t<li><i class=\"fas fa-star\"><\/i><\/li>\n\t\t\t\t\t\t\t\t<li><i class=\"fas fa-star\"><\/i><\/li>\n\t\t\t\t\t\t\t\t<li><i class=\"fas fa-star\"><\/i><\/li>\n\t\t\t\t\t\t\t\t<li><i class=\"fas fa-star\"><\/i><\/li>\n\t\t\t\t\t\t\t\t<li><i class=\"fas fa-star\"><\/i><\/li>\n\t\t\t\t\t\t\t<\/ul>\n\t\t<\/div>\n\t<\/a>\n\n<\/div>\n\n\n<div class=\"sb-grid-item sb-item-50 category-tatli \">\n\n\t<a data-elementor-open-lightbox=\"yes\" data-elementor-lightbox-title=\"Kar\u0131\u015f\u0131k Meyve Taba\u011f\u0131 \/ Mixed Season Fruit Plate\" data-no-swup href=\"\" class=\"sb-menu-item sb-mb-30\">\n\t\t\t\t<div class=\"sb-card-tp\">\n\t\t\t<h4 class=\"sb-card-title\">Kar\u0131\u015f\u0131k Meyve Taba\u011f\u0131 \/ Mixed Season Fruit Plate<\/h4>\n\t\t\t\t\t\t<div class=\"sb-price\">\n\t\t\t\t\t\t\t\t560\t\t\t\t<sub>\u20ba<\/sub>\t\t\t<\/div>\n\t\t\t\t\t<\/div>\n\t\t<div class=\"sb-description\">\n\t\t\t\t\t\t<ul class=\"sb-stars\" data-rating=\"5\">\n\t\t\t\t\t\t\t\t<li><i class=\"fas fa-star\"><\/i><\/li>\n\t\t\t\t\t\t\t\t<li><i class=\"fas fa-star\"><\/i><\/li>\n\t\t\t\t\t\t\t\t<li><i class=\"fas fa-star\"><\/i><\/li>\n\t\t\t\t\t\t\t\t<li><i class=\"fas fa-star\"><\/i><\/li>\n\t\t\t\t\t\t\t\t<li><i class=\"fas fa-star\"><\/i><\/li>\n\t\t\t\t\t\t\t\t<li><i class=\"fas fa-star\"><\/i><\/li>\n\t\t\t\t\t\t\t<\/ul>\n\t\t<\/div>\n\t<\/a>\n\n<\/div>\n\n\t\t\t\t<\/div>\n\n\t\t\t\t\n\t\t\t\t\n\t\t\t\t\n\t\t\t<\/div>\n\n\t\t<\/section>\n\n\t\t\t\t<\/div>\n\t\t\t\t<\/div>\n\t\t\t\t\t<\/div>\n\t\t<\/div>\n\t\t\t\t\t<\/div>\n\t\t<\/section>\n\t\t\t\t<\/div>\n\t\t","protected":false},"excerpt":{"rendered":"<p>Dragos Bal\u0131k Tatl\u0131 Men\u00fc Dondurmal\u0131 \u0130rmik \/ Semolina Dessert With Ice Cream 505 \u20ba F\u0131r\u0131n Helva \/ Halva 505 \u20ba Dondurma \/ Ice Cream 165 \u20ba Volkanik \/ Volkanik 440.. <span class=\"sb-el-more\"><a href=\"https:\/\/www.dragosbalik.com\/tr\/restaurant\/item\/karisik-meyve-tabagi-mixed-season-fruit-plate\/\" class=\"sb-btn\"><span class=\"sb-icon\"><span class=\"sb-icon-arrow\"><\/span><\/span><span>Read more<\/span><\/a><\/span><\/p>\n","protected":false},"author":1,"featured_media":0,"parent":0,"menu_order":0,"comment_status":"closed","ping_status":"closed","template":"template-layout-builder.php","meta":{"_monsterinsights_skip_tracking":false,"_monsterinsights_sitenote_active":false,"_monsterinsights_sitenote_note":"","_monsterinsights_sitenote_category":0,"footnotes":""},"class_list":["post-2247","page","type-page","status-publish","hentry"],"acf":[],"aioseo_notices":[],"_links":{"self":[{"href":"https:\/\/www.dragosbalik.com\/tr\/wp-json\/wp\/v2\/pages\/2247","targetHints":{"allow":["GET"]}}],"collection":[{"href":"https:\/\/www.dragosbalik.com\/tr\/wp-json\/wp\/v2\/pages"}],"about":[{"href":"https:\/\/www.dragosbalik.com\/tr\/wp-json\/wp\/v2\/types\/page"}],"author":[{"embeddable":true,"href":"https:\/\/www.dragosbalik.com\/tr\/wp-json\/wp\/v2\/users\/1"}],"replies":[{"embeddable":true,"href":"https:\/\/www.dragosbalik.com\/tr\/wp-json\/wp\/v2\/comments?post=2247"}],"version-history":[{"count":11,"href":"https:\/\/www.dragosbalik.com\/tr\/wp-json\/wp\/v2\/pages\/2247\/revisions"}],"predecessor-version":[{"id":2590,"href":"https:\/\/www.dragosbalik.com\/tr\/wp-json\/wp\/v2\/pages\/2247\/revisions\/2590"}],"wp:attachment":[{"href":"https:\/\/www.dragosbalik.com\/tr\/wp-json\/wp\/v2\/media?parent=2247"}],"curies":[{"name":"wp","href":"https:\/\/api.w.org\/{rel}","templated":true}]}}